{"id":6,"date":"2020-06-23T10:35:17","date_gmt":"2020-06-23T08:35:17","guid":{"rendered":"https:\/\/diefachschaft-bem.web.leuphana.de\/?page_id=6"},"modified":"2024-11-07T12:43:19","modified_gmt":"2024-11-07T11:43:19","slug":"impressum","status":"publish","type":"page","link":"https:\/\/diefachschaft-bem.de\/en\/impressum\/","title":{"rendered":"Impressum"},"content":{"rendered":"<div data-elementor-type=\"wp-page\" data-elementor-id=\"6\" class=\"elementor elementor-6\">\n\t\t\t\t\t\t<section class=\"elementor-section elementor-top-section elementor-element elementor-element-7b049427 elementor-section-boxed elementor-section-height-default elementor-section-height-default\" data-id=\"7b049427\" data-element_type=\"section\" data-e-type=\"section\">\n\t\t\t\t\t\t<div class=\"elementor-container elementor-column-gap-default\">\n\t\t\t\t\t<div class=\"elementor-column elementor-col-100 elementor-top-column elementor-element elementor-element-52b38fe1\" data-id=\"52b38fe1\" data-element_type=\"column\" data-e-type=\"column\">\n\t\t\t<div class=\"elementor-widget-wrap elementor-element-populated\">\n\t\t\t\t\t\t<div class=\"elementor-element elementor-element-396d4c5 elementor-widget elementor-widget-text-editor\" data-id=\"396d4c5\" data-element_type=\"widget\" data-e-type=\"widget\" data-widget_type=\"text-editor.default\">\n\t\t\t\t<div class=\"elementor-widget-container\">\n\t\t\t\t\t\t\t\t\t<h3><b><span lang=\"DE\">IMPRESSUM ANGABEN NACH \u00a75 TMG<\/span><\/b><\/h3>\n<p><span lang=\"DE\">Dieses Impressum gilt f\u00fcr die Domains \u201ediefachschaft-bem.de\u201e und \u201edasbuntebrett.de\u201c<\/span><\/p>\n<h3><b><span lang=\"DE\">Inhaltlich verantwortlich im Sinne des \u00a75 TMG und gem. \u00a718 MStV:<\/span><\/b><\/h3>\n<p><span lang=\"DE\">Studierendenschaft der Universit\u00e4t L\u00fcneburg<br>Teilk\u00f6rperschaft des \u00f6ffentlichen Rechts<br>General Student Committee<br>Building C9.103<br>Universit\u00e4tsallee 1<br>21335 L\u00fcneburg<\/span><\/p>\n<p><span lang=\"DE\">Telefon: 04131 677 1510<\/span><\/p>\n<p><span lang=\"DE\">E-mail: <a href=\"mailto:buero@asta-lueneburg.de\">buero@asta-lueneburg.de<\/a> <\/span><\/p>\n<p><span lang=\"DE\">Der Allgemeine Student*innenausschuss (AStA) nimmt die juristische Vertretung der Studierendenschaft der Universit\u00e4t L\u00fcneburg war. Diese Internetseite wird im Rahmen des \u00f6ffentlichen Auftrags gem\u00e4\u00df \u00a720 Abs. 1 Satz 4, 5 und 6 NHG durch den AStA betrieben. <\/span><\/p>\n<p><span lang=\"DE\">Sprecher*innen Kollektiv:<br>Denise (sie\/ihr), Emil (er\/ihm), Hannah (sie\/-) und Theo (er\/ihm)<\/span><\/p>\n<p><span lang=\"DE\">E-mail: <a href=\"mailto:sprecherinnen@asta-lueneburg.de\">sprecherinnen@asta-lueneburg.de<\/a> <\/span><\/p>\n<p><span lang=\"DE\">Telefon: 04131 677 1510<\/span><\/p>\n<h3><b><span lang=\"DE\">Verantwortliche(r) f\u00fcr journalistisch-redaktionell gestaltete(r) Inhalte gem. \u00a718 MStvV:<\/span><\/b><\/h3>\n<p><span lang=\"DE\">Die Fachschaft BEM (Business, Economics &amp; Management) <br>Vertreten durch den Vorstand: Elias Effenberg; Carolin Bereth; Bennet Wittje<\/span><\/p>\n<p><span lang=\"DE\">phone number: 04131 677 2114<\/span><\/p>\n<p><span lang=\"DE\">E-mail: <a href=\"mailto:die-fachschaft@leuphana.de\">die-fachschaft@leuphana.de<\/a><\/span><\/p>\n<p><a href=\"https:\/\/diefachschaft-bem.de\/wp-content\/uploads\/2022\/02\/Geschaeftsordnung-Fachschaft-BEM-2022.pdf\"><b style=\"font-size: 15px; font-variant-ligatures: normal; font-variant-caps: normal;\"><u><i>Rules of operations BEM 02.02.2022<\/i><\/u><\/b><\/a><\/p>\n<p><span style=\"font-size: 15px; font-variant-ligatures: normal; font-variant-caps: normal;\"><a href=\"https:\/\/diefachschaft-bem.de\/wp-content\/uploads\/2023\/08\/Satzung-Fachschaft-BEM-24.05.2023-komprimiert.pdf\"><b><u>S<\/u><\/b><\/a><a style=\"font-size: 15px; background-color: #ffffff;\" href=\"https:\/\/diefachschaft-bem.de\/wp-content\/uploads\/2024\/07\/Satzung-03-07-2024.pdf\" target=\"_blank\" rel=\"noopener\"><b><u>atzung <\/u><u style=\"font-style: italic;\">Fachschaft BEM 03.07.2024<\/u><\/b><\/a><\/span><\/p>\n<p style=\"margin: 0cm; background-image: initial; background-position: initial; background-size: initial; background-repeat: initial; background-attachment: initial; background-origin: initial; background-clip: initial; font-variant-ligatures: normal; font-variant-caps: normal;\">\n<\/p><h3><b>Webmaster:<\/b><\/h3>\n<p>Jan-Henrik Zabel (Referatsleitung Digitales)<br><span style=\"font-size: 15px;\">Email: die-fachschaft@leuphana.de<\/span><\/p>\n<h3><span lang=\"DE\"><br><b>Bestellter Datenschutzbeauftragter:<\/b><\/span><\/h3>\n<p><span lang=\"DE\">Tobias Lange \u2013 Externer Datenschutzbeauftragter <br>Berner Heerweg 246, 22159 Hamburg<br>Telefon: 040 5700 3925<br>Telefax: 040 5700 3926<br>E-mail: <a href=\"mailto:datenschutz@asta-lueneburg.de\">datenschutz@asta-lueneburg.de<\/a> <br>Web: <a href=\"http:\/\/www.tl-datenschutz.de\/\">www.tl-datenschutz.de<\/a> <\/span><\/p>\n<h3 style=\"margin: 0cm 0cm 15pt; background-image: initial; background-position: initial; background-size: initial; background-repeat: initial; background-attachment: initial; background-origin: initial; background-clip: initial;\"><span lang=\"DE\" style=\"font-size: 15pt; font-family: 'Josefin Sans';\">Consumer dispute resolution\/universal arbitration board<\/span><\/h3>\n<p style=\"margin: 0cm 0cm 15pt; background-image: initial; background-position: initial; background-size: initial; background-repeat: initial; background-attachment: initial; background-origin: initial; background-clip: initial; font-variant-ligatures: normal; font-variant-caps: normal;\"><span lang=\"DE\" style=\"font-size: 11.5pt; font-family: Lato, sans-serif;\">We are not willing or obliged to participate in dispute resolution proceedings before a consumer arbitration board.<\/span><\/p>\n<h3><span lang=\"DE\" style=\"font-family: 'Josefin Sans';\">Liability for contents<\/span><\/h3>\n<p style=\"margin: 0cm 0cm 15pt; background-image: initial; background-position: initial; background-size: initial; background-repeat: initial; background-attachment: initial; background-origin: initial; background-clip: initial; font-variant-ligatures: normal; font-variant-caps: normal;\"><span lang=\"DE\" style=\"font-size: 11.5pt; font-family: Lato, sans-serif;\">As a service provider, we are responsible for our own content on these pages in accordance with the general laws pursuant to Section 7 (1) of the German Telemedia Act (TMG). According to \u00a7\u00a7 8 to 10 TMG, we are not obligated to monitor transmitted or stored information or to investigate circumstances that indicate illegal activity.<\/span><\/p>\n<p style=\"margin: 0cm 0cm 15pt; background-image: initial; background-position: initial; background-size: initial; background-repeat: initial; background-attachment: initial; background-origin: initial; background-clip: initial; font-variant-ligatures: normal; font-variant-caps: normal;\"><span lang=\"DE\" style=\"font-size: 11.5pt; font-family: Lato, sans-serif;\">Obligations to remove or block the use of information according to general laws remain unaffected. However, liability in this regard is only possible from the point in time at which a concrete infringement of the law becomes known. If we become aware of any such infringements, we will remove the relevant content immediately.<\/span><\/p>\n<p><span lang=\"DE\" style=\"font-family: 'Josefin Sans';\">Liability for links<\/span><\/p>\n<p style=\"margin: 0cm 0cm 15pt; background-image: initial; background-position: initial; background-size: initial; background-repeat: initial; background-attachment: initial; background-origin: initial; background-clip: initial; font-variant-ligatures: normal; font-variant-caps: normal;\"><span lang=\"DE\" style=\"font-size: 11.5pt; font-family: Lato, sans-serif;\">Our offer contains links to external websites of third parties, on whose contents we have no influence. Therefore, we cannot assume any liability for these external contents. The respective provider or operator of the sites is always responsible for the content of the linked sites. The linked pages were checked for possible legal violations at the time of linking. Illegal contents were not recognizable at the time of linking.<\/span><\/p>\n<p style=\"margin: 0cm 0cm 15pt; background-image: initial; background-position: initial; background-size: initial; background-repeat: initial; background-attachment: initial; background-origin: initial; background-clip: initial; font-variant-ligatures: normal; font-variant-caps: normal;\"><span lang=\"DE\" style=\"font-size: 11.5pt; font-family: Lato, sans-serif;\">However, a permanent control of the contents of the linked pages is not reasonable without concrete evidence of a violation of the law. If we become aware of any infringements, we will remove such links immediately.<\/span><\/p>\n<h3 style=\"margin: 0cm 0cm 15pt; background-image: initial; background-position: initial; background-size: initial; background-repeat: initial; background-attachment: initial; background-origin: initial; background-clip: initial; font-variant-ligatures: normal; font-variant-caps: normal;\"><span lang=\"DE\" style=\"font-family: 'Josefin Sans';\">Copyright<\/span><\/h3>\n<p style=\"margin: 0cm 0cm 15pt; background-image: initial; background-position: initial; background-size: initial; background-repeat: initial; background-attachment: initial; background-origin: initial; background-clip: initial; font-variant-ligatures: normal; font-variant-caps: normal;\"><span lang=\"DE\" style=\"font-size: 11.5pt; font-family: Lato, sans-serif;\">The contents and works created by the site operators on these pages are subject to German copyright law. Duplication, processing, distribution, or any form of commercialization of such material beyond the scope of the copyright law shall require the prior written consent of its respective author or creator. Downloads and copies of this site are only permitted for private, non-commercial use.<\/span><\/p>\n<p style=\"margin: 0cm 0cm 15pt; background-image: initial; background-position: initial; background-size: initial; background-repeat: initial; background-attachment: initial; background-origin: initial; background-clip: initial; font-variant-ligatures: normal; font-variant-caps: normal;\"><span lang=\"DE\" style=\"font-size: 11.5pt; font-family: Lato, sans-serif;\">Insofar as the content on this site was not created by the operator, the copyrights of third parties are respected. In particular, third-party content is identified as such. Should you nevertheless become aware of a copyright infringement, please inform us accordingly. If we become aware of any infringements, we will remove such content immediately.<\/span><\/p>\n<p><span lang=\"DE\">&nbsp;<\/span><\/p>\t\t\t\t\t\t\t\t<\/div>\n\t\t\t\t<\/div>\n\t\t\t\t\t<\/div>\n\t\t<\/div>\n\t\t\t\t\t<\/div>\n\t\t<\/section>\n\t\t\t\t<\/div>","protected":false},"excerpt":{"rendered":"<p>IMPRESSUM ANGABEN NACH \u00a75 TMG Dieses Impressum gilt f\u00fcr die Domains \u201ediefachschaft-bem.de\u201e und \u201edasbuntebrett.de\u201c Inhaltlich verantwortlich im Sinne des \u00a75 TMG und gem. \u00a718 MStV: Studierendenschaft der Universit\u00e4t L\u00fcneburgTeilk\u00f6rperschaft des \u00f6ffentlichen RechtsAllgemeiner Student*innenausschussGeb\u00e4ude C9.103Universit\u00e4tsallee 121335 L\u00fcneburg Telefon: 04131 677 1510 E-Mail: buero@asta-lueneburg.de Der Allgemeine Student*innenausschuss (AStA) nimmt die juristische Vertretung der Studierendenschaft der Universit\u00e4t L\u00fcneburg [&hellip;]<\/p>\n","protected":false},"author":1,"featured_media":0,"parent":0,"menu_order":0,"comment_status":"closed","ping_status":"closed","template":"","meta":{"ocean_post_layout":"","ocean_both_sidebars_style":"","ocean_both_sidebars_content_width":0,"ocean_both_sidebars_sidebars_width":0,"ocean_sidebar":"0","ocean_second_sidebar":"0","ocean_disable_margins":"enable","ocean_add_body_class":"","ocean_shortcode_before_top_bar":"","ocean_shortcode_after_top_bar":"","ocean_shortcode_before_header":"","ocean_shortcode_after_header":"","ocean_has_shortcode":"","ocean_shortcode_after_title":"","ocean_shortcode_before_footer_widgets":"","ocean_shortcode_after_footer_widgets":"","ocean_shortcode_before_footer_bottom":"","ocean_shortcode_after_footer_bottom":"","ocean_display_top_bar":"default","ocean_display_header":"default","ocean_header_style":"","ocean_center_header_left_menu":"0","ocean_custom_header_template":"0","ocean_custom_logo":0,"ocean_custom_retina_logo":0,"ocean_custom_logo_max_width":0,"ocean_custom_logo_tablet_max_width":0,"ocean_custom_logo_mobile_max_width":0,"ocean_custom_logo_max_height":0,"ocean_custom_logo_tablet_max_height":0,"ocean_custom_logo_mobile_max_height":0,"ocean_header_custom_menu":"0","ocean_menu_typo_font_family":"0","ocean_menu_typo_font_subset":"","ocean_menu_typo_font_size":0,"ocean_menu_typo_font_size_tablet":0,"ocean_menu_typo_font_size_mobile":0,"ocean_menu_typo_font_size_unit":"px","ocean_menu_typo_font_weight":"","ocean_menu_typo_font_weight_tablet":"","ocean_menu_typo_font_weight_mobile":"","ocean_menu_typo_transform":"","ocean_menu_typo_transform_tablet":"","ocean_menu_typo_transform_mobile":"","ocean_menu_typo_line_height":0,"ocean_menu_typo_line_height_tablet":0,"ocean_menu_typo_line_height_mobile":0,"ocean_menu_typo_line_height_unit":"","ocean_menu_typo_spacing":0,"ocean_menu_typo_spacing_tablet":0,"ocean_menu_typo_spacing_mobile":0,"ocean_menu_typo_spacing_unit":"","ocean_menu_link_color":"","ocean_menu_link_color_hover":"","ocean_menu_link_color_active":"","ocean_menu_link_background":"","ocean_menu_link_hover_background":"","ocean_menu_link_active_background":"","ocean_menu_social_links_bg":"","ocean_menu_social_hover_links_bg":"","ocean_menu_social_links_color":"","ocean_menu_social_hover_links_color":"","ocean_disable_title":"default","ocean_disable_heading":"default","ocean_post_title":"","ocean_post_subheading":"","ocean_post_title_style":"","ocean_post_title_background_color":"","ocean_post_title_background":0,"ocean_post_title_bg_image_position":"","ocean_post_title_bg_image_attachment":"","ocean_post_title_bg_image_repeat":"","ocean_post_title_bg_image_size":"","ocean_post_title_height":0,"ocean_post_title_bg_overlay":0.5,"ocean_post_title_bg_overlay_color":"","ocean_disable_breadcrumbs":"default","ocean_breadcrumbs_color":"","ocean_breadcrumbs_separator_color":"","ocean_breadcrumbs_links_color":"","ocean_breadcrumbs_links_hover_color":"","ocean_display_footer_widgets":"default","ocean_display_footer_bottom":"default","ocean_custom_footer_template":"0","footnotes":""},"class_list":["post-6","page","type-page","status-publish","hentry","entry"],"_links":{"self":[{"href":"https:\/\/diefachschaft-bem.de\/en\/wp-json\/wp\/v2\/pages\/6","targetHints":{"allow":["GET"]}}],"collection":[{"href":"https:\/\/diefachschaft-bem.de\/en\/wp-json\/wp\/v2\/pages"}],"about":[{"href":"https:\/\/diefachschaft-bem.de\/en\/wp-json\/wp\/v2\/types\/page"}],"author":[{"embeddable":true,"href":"https:\/\/diefachschaft-bem.de\/en\/wp-json\/wp\/v2\/users\/1"}],"replies":[{"embeddable":true,"href":"https:\/\/diefachschaft-bem.de\/en\/wp-json\/wp\/v2\/comments?post=6"}],"version-history":[{"count":21,"href":"https:\/\/diefachschaft-bem.de\/en\/wp-json\/wp\/v2\/pages\/6\/revisions"}],"predecessor-version":[{"id":4604,"href":"https:\/\/diefachschaft-bem.de\/en\/wp-json\/wp\/v2\/pages\/6\/revisions\/4604"}],"wp:attachment":[{"href":"https:\/\/diefachschaft-bem.de\/en\/wp-json\/wp\/v2\/media?parent=6"}],"curies":[{"name":"wp","href":"https:\/\/api.w.org\/{rel}","templated":true}]}}