{"id":433,"date":"2020-08-29T13:17:51","date_gmt":"2020-08-29T11:17:51","guid":{"rendered":"https:\/\/diefachschaft-bem.web.leuphana.de\/?page_id=433"},"modified":"2025-11-18T15:31:44","modified_gmt":"2025-11-18T14:31:44","slug":"finanzen","status":"publish","type":"page","link":"https:\/\/diefachschaft-bem.de\/en\/finanzen\/","title":{"rendered":"Finance"},"content":{"rendered":"<div data-elementor-type=\"wp-page\" data-elementor-id=\"433\" class=\"elementor elementor-433\">\n\t\t\t\t\t\t<section class=\"elementor-section elementor-top-section elementor-element elementor-element-781ce49 elementor-section-boxed elementor-section-height-default elementor-section-height-default\" data-id=\"781ce49\" data-element_type=\"section\" data-e-type=\"section\">\n\t\t\t\t\t\t<div class=\"elementor-container elementor-column-gap-default\">\n\t\t\t\t\t<div class=\"elementor-column elementor-col-50 elementor-top-column elementor-element elementor-element-bfc3a11\" data-id=\"bfc3a11\" data-element_type=\"column\" data-e-type=\"column\">\n\t\t\t<div class=\"elementor-widget-wrap elementor-element-populated\">\n\t\t\t\t\t\t<div class=\"elementor-element elementor-element-efc2453 elementor-widget elementor-widget-image\" data-id=\"efc2453\" data-element_type=\"widget\" data-e-type=\"widget\" data-widget_type=\"image.default\">\n\t\t\t\t<div class=\"elementor-widget-container\">\n\t\t\t\t\t\t\t\t\t\t\t\t\t\t\t<img fetchpriority=\"high\" decoding=\"async\" width=\"640\" height=\"937\" src=\"https:\/\/diefachschaft-bem.de\/wp-content\/uploads\/2023\/07\/pexels-alex-andrews-2295744.jpg\" class=\"attachment-large size-large wp-image-4243\" alt=\"Dummy Photo\" srcset=\"https:\/\/diefachschaft-bem.de\/wp-content\/uploads\/2023\/07\/pexels-alex-andrews-2295744.jpg 640w, https:\/\/diefachschaft-bem.de\/wp-content\/uploads\/2023\/07\/pexels-alex-andrews-2295744-205x300.jpg 205w, https:\/\/diefachschaft-bem.de\/wp-content\/uploads\/2023\/07\/pexels-alex-andrews-2295744-8x12.jpg 8w\" sizes=\"(max-width: 640px) 100vw, 640px\" \/>\t\t\t\t\t\t\t\t\t\t\t\t\t\t\t<\/div>\n\t\t\t\t<\/div>\n\t\t\t\t\t<\/div>\n\t\t<\/div>\n\t\t\t\t<div class=\"elementor-column elementor-col-50 elementor-top-column elementor-element elementor-element-dcd60c3\" data-id=\"dcd60c3\" data-element_type=\"column\" data-e-type=\"column\">\n\t\t\t<div class=\"elementor-widget-wrap elementor-element-populated\">\n\t\t\t\t\t\t<div class=\"elementor-element elementor-element-bc94b22 elementor-widget elementor-widget-text-editor\" data-id=\"bc94b22\" data-element_type=\"widget\" data-e-type=\"widget\" data-widget_type=\"text-editor.default\">\n\t\t\t\t<div class=\"elementor-widget-container\">\n\t\t\t\t\t\t\t\t\t<h2>Our tasks<\/h2><ul><li>Accounting<\/li><li>Treasury management<\/li><li>Budget planning<\/li><li>Requesting &amp; checking<br \/>of cost reimbursements<\/li><\/ul><h2>Head of division<\/h2><p>Corbinian &amp; Johannes<\/p><h2>Trainees<\/h2><p>&#8211;<\/p><h2>Informationen zur Kostenerstattung<\/h2><p>If you have laid out money for the student council, please submit the appropriate expense reimbursement request including the associated receipts. Please pay attention to the instructions on the application regarding copies that have to be handed in. You can find the forms at the AStA. <a href=\"https:\/\/www.asta-lueneburg.de\/downloads\/formulare\/\">AStA.<\/a><\/p><p class=\"translation-block\">Where you can hand in the application:\nAs soon as you have filled out everything and copied it if necessary, you can drop it off at our office (C 06.010) in the \"Finances\" box or in the entrance area in building 6 in the mailbox of the student council.<\/p><p>What you should also keep in mind:<br \/>Please always remember to adhere to the <a href=\"https:\/\/www.asta-lueneburg.de\/wp-content\/uploads\/Begleitheft-nachhaltige-Finanzordnung.pdf\">sustainable financial regulations<\/a> of the AStA and to keep an eye on whether you still have budget available.<\/p>\t\t\t\t\t\t\t\t<\/div>\n\t\t\t\t<\/div>\n\t\t\t\t\t<\/div>\n\t\t<\/div>\n\t\t\t\t\t<\/div>\n\t\t<\/section>\n\t\t\t\t<\/div>","protected":false},"excerpt":{"rendered":"<p>Unsere Aufgaben Buchhaltung Kassenf\u00fchrung Planung des Budgets Beantragen &amp; Pr\u00fcfender Kostenerstattungen Referatsleitung Corbinian &amp; Johannes Trainees &#8211; Informationen zur Kostenerstattung Wenn ihr Geld f\u00fcr die Fachschaft ausgelegt habt, reicht uns bitte den passenden Kostenerstattungsantrag inklusive der zugeh\u00f6rigen Belege ein. Bitte beachtet hierbei die entsprechenden Hinweise auf dem Antrag bez\u00fcglich Kopien, die mit abgegeben werden m\u00fcssen. [&hellip;]<\/p>\n","protected":false},"author":17,"featured_media":0,"parent":0,"menu_order":0,"comment_status":"closed","ping_status":"closed","template":"","meta":{"ocean_post_layout":"","ocean_both_sidebars_style":"","ocean_both_sidebars_content_width":0,"ocean_both_sidebars_sidebars_width":0,"ocean_sidebar":"0","ocean_second_sidebar":"0","ocean_disable_margins":"enable","ocean_add_body_class":"","ocean_shortcode_before_top_bar":"","ocean_shortcode_after_top_bar":"","ocean_shortcode_before_header":"","ocean_shortcode_after_header":"","ocean_has_shortcode":"","ocean_shortcode_after_title":"","ocean_shortcode_before_footer_widgets":"","ocean_shortcode_after_footer_widgets":"","ocean_shortcode_before_footer_bottom":"","ocean_shortcode_after_footer_bottom":"","ocean_display_top_bar":"default","ocean_display_header":"default","ocean_header_style":"","ocean_center_header_left_menu":"0","ocean_custom_header_template":"0","ocean_custom_logo":0,"ocean_custom_retina_logo":0,"ocean_custom_logo_max_width":0,"ocean_custom_logo_tablet_max_width":0,"ocean_custom_logo_mobile_max_width":0,"ocean_custom_logo_max_height":0,"ocean_custom_logo_tablet_max_height":0,"ocean_custom_logo_mobile_max_height":0,"ocean_header_custom_menu":"0","ocean_menu_typo_font_family":"0","ocean_menu_typo_font_subset":"","ocean_menu_typo_font_size":0,"ocean_menu_typo_font_size_tablet":0,"ocean_menu_typo_font_size_mobile":0,"ocean_menu_typo_font_size_unit":"px","ocean_menu_typo_font_weight":"","ocean_menu_typo_font_weight_tablet":"","ocean_menu_typo_font_weight_mobile":"","ocean_menu_typo_transform":"","ocean_menu_typo_transform_tablet":"","ocean_menu_typo_transform_mobile":"","ocean_menu_typo_line_height":0,"ocean_menu_typo_line_height_tablet":0,"ocean_menu_typo_line_height_mobile":0,"ocean_menu_typo_line_height_unit":"","ocean_menu_typo_spacing":0,"ocean_menu_typo_spacing_tablet":0,"ocean_menu_typo_spacing_mobile":0,"ocean_menu_typo_spacing_unit":"","ocean_menu_link_color":"","ocean_menu_link_color_hover":"","ocean_menu_link_color_active":"","ocean_menu_link_background":"","ocean_menu_link_hover_background":"","ocean_menu_link_active_background":"","ocean_menu_social_links_bg":"","ocean_menu_social_hover_links_bg":"","ocean_menu_social_links_color":"","ocean_menu_social_hover_links_color":"","ocean_disable_title":"default","ocean_disable_heading":"default","ocean_post_title":"","ocean_post_subheading":"","ocean_post_title_style":"","ocean_post_title_background_color":"","ocean_post_title_background":0,"ocean_post_title_bg_image_position":"","ocean_post_title_bg_image_attachment":"","ocean_post_title_bg_image_repeat":"","ocean_post_title_bg_image_size":"","ocean_post_title_height":0,"ocean_post_title_bg_overlay":0.5,"ocean_post_title_bg_overlay_color":"","ocean_disable_breadcrumbs":"default","ocean_breadcrumbs_color":"","ocean_breadcrumbs_separator_color":"","ocean_breadcrumbs_links_color":"","ocean_breadcrumbs_links_hover_color":"","ocean_display_footer_widgets":"default","ocean_display_footer_bottom":"default","ocean_custom_footer_template":"0","footnotes":""},"class_list":["post-433","page","type-page","status-publish","hentry","entry"],"_links":{"self":[{"href":"https:\/\/diefachschaft-bem.de\/en\/wp-json\/wp\/v2\/pages\/433","targetHints":{"allow":["GET"]}}],"collection":[{"href":"https:\/\/diefachschaft-bem.de\/en\/wp-json\/wp\/v2\/pages"}],"about":[{"href":"https:\/\/diefachschaft-bem.de\/en\/wp-json\/wp\/v2\/types\/page"}],"author":[{"embeddable":true,"href":"https:\/\/diefachschaft-bem.de\/en\/wp-json\/wp\/v2\/users\/17"}],"replies":[{"embeddable":true,"href":"https:\/\/diefachschaft-bem.de\/en\/wp-json\/wp\/v2\/comments?post=433"}],"version-history":[{"count":6,"href":"https:\/\/diefachschaft-bem.de\/en\/wp-json\/wp\/v2\/pages\/433\/revisions"}],"predecessor-version":[{"id":4835,"href":"https:\/\/diefachschaft-bem.de\/en\/wp-json\/wp\/v2\/pages\/433\/revisions\/4835"}],"wp:attachment":[{"href":"https:\/\/diefachschaft-bem.de\/en\/wp-json\/wp\/v2\/media?parent=433"}],"curies":[{"name":"wp","href":"https:\/\/api.w.org\/{rel}","templated":true}]}}