{"id":3628,"date":"2022-08-10T08:56:29","date_gmt":"2022-08-10T06:56:29","guid":{"rendered":"https:\/\/diefachschaft-bem.de\/?page_id=3628"},"modified":"2023-01-26T10:14:51","modified_gmt":"2023-01-26T09:14:51","slug":"foerderverein","status":"publish","type":"page","link":"https:\/\/diefachschaft-bem.de\/en\/foerderverein\/","title":{"rendered":"F\u00f6rderverein"},"content":{"rendered":"\t\t<div data-elementor-type=\"wp-page\" data-elementor-id=\"3628\" class=\"elementor elementor-3628\">\n\t\t\t\t\t\t<section class=\"elementor-section elementor-top-section elementor-element elementor-element-09f45cc elementor-section-boxed elementor-section-height-default elementor-section-height-default\" data-id=\"09f45cc\" data-element_type=\"section\" data-e-type=\"section\" data-settings=\"{&quot;background_background&quot;:&quot;classic&quot;}\">\n\t\t\t\t\t\t\t<div class=\"elementor-background-overlay\"><\/div>\n\t\t\t\t\t\t\t<div class=\"elementor-container elementor-column-gap-default\">\n\t\t\t\t\t<div class=\"elementor-column elementor-col-100 elementor-top-column elementor-element elementor-element-0c92a52\" data-id=\"0c92a52\" data-element_type=\"column\" data-e-type=\"column\">\n\t\t\t<div class=\"elementor-widget-wrap elementor-element-populated\">\n\t\t\t\t\t\t<div class=\"elementor-element elementor-element-2dcb0d2 elementor-widget elementor-widget-heading\" data-id=\"2dcb0d2\" data-element_type=\"widget\" data-e-type=\"widget\" data-widget_type=\"heading.default\">\n\t\t\t\t<div class=\"elementor-widget-container\">\n\t\t\t\t\t<h1 class=\"elementor-heading-title elementor-size-default\">\u00dcber uns<\/h1>\t\t\t\t<\/div>\n\t\t\t\t<\/div>\n\t\t\t\t<div class=\"elementor-element elementor-element-c7845bb elementor-widget elementor-widget-text-editor\" data-id=\"c7845bb\" data-element_type=\"widget\" data-e-type=\"widget\" data-widget_type=\"text-editor.default\">\n\t\t\t\t<div class=\"elementor-widget-container\">\n\t\t\t\t\t\t\t\t\t<p style=\"font-variant-ligatures: normal; font-variant-caps: normal; font-family: Lato; font-size: 15px; font-style: normal;\"><span lang=\"DE\" style=\"font-size: 15px;\"><span style=\"font-weight: 300; font-family: Lato; font-size: 15px; font-style: normal; font-variant-ligatures: normal; font-variant-caps: normal;\">Im Fr\u00fchjahr 2011 wurde der gemeinn\u00fctzig anerkannte F\u00f6rderverein f\u00fcr die Fachschafts- und Alumniarbeit gegr\u00fcndet. Der&nbsp;F\u00f6rderverein hat es sich zur Aufgabe gemacht die <\/span><span style=\"font-family: Lato; font-size: 15px; font-style: normal; font-variant-ligatures: normal; font-variant-caps: normal;\">Arbeit der Fachschaft&nbsp;Business, Economics &amp; Management zu unterst\u00fctzen<\/span><span style=\"font-weight: 300; font-family: Lato; font-size: 15px; font-style: normal; font-variant-ligatures: normal; font-variant-caps: normal;\"> und f\u00f6rdern.&nbsp;<\/span><\/span><\/p>\n<p style=\"font-variant-ligatures: normal; font-variant-caps: normal; font-family: Lato; font-size: 15px; font-style: normal;\"><span style=\"font-size: 15px;\"><span style=\"font-weight: 300;\">Ein&nbsp;besonderes Augenmerk liegt derzeit auf der <\/span>Alumniarbeit, Graduiertenfeier, sowie kulturelle und wissenschaftliche Veranstaltungen<span style=\"font-weight: 300;\">, insbesondere in&nbsp;finanzieller Hinsicht zu unterst\u00fctzen.<\/span><\/span><\/p>\n<p style=\"font-variant-ligatures: normal; font-variant-caps: normal; font-family: Lato; font-size: 15px; font-style: normal;\"><span lang=\"DE\" style=\"font-size: 15px;\"><span style=\"font-weight: 300;\">Die Finanzierung der Aktivit\u00e4ten setzt sich durch Mitgliedsbeitr\u00e4ge und Spenden zusammen. Als gemeinn\u00fctzlich anerkannter Verein k\u00f6nnen <\/span>Spendenquittungen <span style=\"font-weight: 300;\">ausgestellt werden.<\/span><\/span><\/p>\t\t\t\t\t\t\t\t<\/div>\n\t\t\t\t<\/div>\n\t\t\t\t<div class=\"elementor-element elementor-element-a088ccf elementor-widget elementor-widget-spacer\" data-id=\"a088ccf\" data-element_type=\"widget\" data-e-type=\"widget\" data-widget_type=\"spacer.default\">\n\t\t\t\t<div class=\"elementor-widget-container\">\n\t\t\t\t\t\t\t<div class=\"elementor-spacer\">\n\t\t\t<div class=\"elementor-spacer-inner\"><\/div>\n\t\t<\/div>\n\t\t\t\t\t\t<\/div>\n\t\t\t\t<\/div>\n\t\t\t\t<div class=\"elementor-element elementor-element-09d9846 elementor-widget elementor-widget-heading\" data-id=\"09d9846\" data-element_type=\"widget\" data-e-type=\"widget\" data-widget_type=\"heading.default\">\n\t\t\t\t<div class=\"elementor-widget-container\">\n\t\t\t\t\t<h1 class=\"elementor-heading-title elementor-size-default\">Mitgliedschaft beantragen<\/h1>\t\t\t\t<\/div>\n\t\t\t\t<\/div>\n\t\t\t\t<div class=\"elementor-element elementor-element-5f7781b elementor-widget elementor-widget-text-editor\" data-id=\"5f7781b\" data-element_type=\"widget\" data-e-type=\"widget\" data-widget_type=\"text-editor.default\">\n\t\t\t\t<div class=\"elementor-widget-container\">\n\t\t\t\t\t\t\t\t\t<p><span style=\"font-family: Lato; font-size: 15px; font-style: normal; font-variant-ligatures: normal; font-variant-caps: normal; font-weight: 300;\">Neue Mitglieder sind jederzeit herzlich willkommen und k\u00f6nnen durch Ausf\u00fcllen der&nbsp;<\/span><span style=\"font-family: Lato; font-size: 15px; font-style: normal; font-variant-ligatures: normal; font-variant-caps: normal;\"><b>Beitrittserkl\u00e4rung&nbsp;<\/b><\/span><span style=\"font-family: Lato; font-size: 15px; font-style: normal; font-variant-ligatures: normal; font-variant-caps: normal; font-weight: 300;\">beitreten. Auch<\/span><span style=\"font-family: Lato; font-size: 15px; font-style: normal; font-variant-ligatures: normal; font-variant-caps: normal;\"><b> ohne Mitgliedschaft<\/b><\/span><span style=\"font-family: Lato; font-size: 15px; font-style: normal; font-variant-ligatures: normal; font-variant-caps: normal; font-weight: 300;\"> kann der Verein jederzeit finanziell gef\u00f6rdert werden. Zu&nbsp;diesen Zwecken wenden Sie sich bitte an unseren Schatzmeister.<\/span><span style=\"font-family: Lato; font-size: 15px; font-style: normal; font-variant-ligatures: normal; font-variant-caps: normal; font-weight: 300;\"><br><\/span><\/p>\n<p><span style=\"font-family: Lato; font-size: 15px; font-style: normal; font-variant-ligatures: normal; font-variant-caps: normal; font-weight: 300;\">Die Mitgliedschaft betr\u00e4gt f\u00fcr nat\u00fcrliche&nbsp;Personen mindestens 20 Euro pro Jahr und f\u00fcr juristische Personen\/Firmen 100 Euro&nbsp;pro Jahr.<\/span><\/p>\t\t\t\t\t\t\t\t<\/div>\n\t\t\t\t<\/div>\n\t\t\t\t<div class=\"elementor-element elementor-element-75232a0 elementor-widget elementor-widget-spacer\" data-id=\"75232a0\" data-element_type=\"widget\" data-e-type=\"widget\" data-widget_type=\"spacer.default\">\n\t\t\t\t<div class=\"elementor-widget-container\">\n\t\t\t\t\t\t\t<div class=\"elementor-spacer\">\n\t\t\t<div class=\"elementor-spacer-inner\"><\/div>\n\t\t<\/div>\n\t\t\t\t\t\t<\/div>\n\t\t\t\t<\/div>\n\t\t\t\t\t<\/div>\n\t\t<\/div>\n\t\t\t\t\t<\/div>\n\t\t<\/section>\n\t\t\t\t<section class=\"elementor-section elementor-top-section elementor-element elementor-element-49ff33e elementor-section-boxed elementor-section-height-default elementor-section-height-default\" data-id=\"49ff33e\" data-element_type=\"section\" data-e-type=\"section\">\n\t\t\t\t\t\t<div class=\"elementor-container elementor-column-gap-default\">\n\t\t\t\t\t<div class=\"elementor-column elementor-col-100 elementor-top-column elementor-element elementor-element-62b013b\" data-id=\"62b013b\" data-element_type=\"column\" data-e-type=\"column\">\n\t\t\t<div class=\"elementor-widget-wrap elementor-element-populated\">\n\t\t\t\t\t\t<div class=\"elementor-element elementor-element-2d0b964 elementor-widget elementor-widget-heading\" data-id=\"2d0b964\" data-element_type=\"widget\" data-e-type=\"widget\" data-widget_type=\"heading.default\">\n\t\t\t\t<div class=\"elementor-widget-container\">\n\t\t\t\t\t<h1 class=\"elementor-heading-title elementor-size-default\">Downloads<\/h1>\t\t\t\t<\/div>\n\t\t\t\t<\/div>\n\t\t\t\t<div class=\"elementor-element elementor-element-7f648f4 elementor-tabs-view-horizontal elementor-widget elementor-widget-tabs\" data-id=\"7f648f4\" data-element_type=\"widget\" data-e-type=\"widget\" data-widget_type=\"tabs.default\">\n\t\t\t\t<div class=\"elementor-widget-container\">\n\t\t\t\t\t\t\t<div class=\"elementor-tabs\">\n\t\t\t<div class=\"elementor-tabs-wrapper\" role=\"tablist\" >\n\t\t\t\t\t\t\t\t\t<div id=\"elementor-tab-title-1331\" class=\"elementor-tab-title elementor-tab-desktop-title\" aria-selected=\"true\" data-tab=\"1\" role=\"tab\" tabindex=\"0\" aria-controls=\"elementor-tab-content-1331\" aria-expanded=\"false\">Beitrittserkl\u00e4rung Person<\/div>\n\t\t\t\t\t\t\t\t\t<div id=\"elementor-tab-title-1332\" class=\"elementor-tab-title elementor-tab-desktop-title\" aria-selected=\"false\" data-tab=\"2\" role=\"tab\" tabindex=\"-1\" aria-controls=\"elementor-tab-content-1332\" aria-expanded=\"false\">Beitrittserkl\u00e4rung Firmen<\/div>\n\t\t\t\t\t\t\t\t\t<div id=\"elementor-tab-title-1333\" class=\"elementor-tab-title elementor-tab-desktop-title\" aria-selected=\"false\" data-tab=\"3\" role=\"tab\" tabindex=\"-1\" aria-controls=\"elementor-tab-content-1333\" aria-expanded=\"false\">Beitragsordnung<\/div>\n\t\t\t\t\t\t\t\t\t<div id=\"elementor-tab-title-1334\" class=\"elementor-tab-title elementor-tab-desktop-title\" aria-selected=\"false\" data-tab=\"4\" role=\"tab\" tabindex=\"-1\" aria-controls=\"elementor-tab-content-1334\" aria-expanded=\"false\">Satzung<\/div>\n\t\t\t\t\t\t\t<\/div>\n\t\t\t<div class=\"elementor-tabs-content-wrapper\" role=\"tablist\" aria-orientation=\"vertical\">\n\t\t\t\t\t\t\t\t\t<div class=\"elementor-tab-title elementor-tab-mobile-title\" aria-selected=\"true\" data-tab=\"1\" role=\"tab\" tabindex=\"0\" aria-controls=\"elementor-tab-content-1331\" aria-expanded=\"false\">Beitrittserkl\u00e4rung Person<\/div>\n\t\t\t\t\t<div id=\"elementor-tab-content-1331\" class=\"elementor-tab-content elementor-clearfix\" data-tab=\"1\" role=\"tabpanel\" aria-labelledby=\"elementor-tab-title-1331\" tabindex=\"0\" hidden=\"false\"><p><a href=\"https:\/\/diefachschaft-bem.de\/wp-content\/uploads\/2022\/08\/Beitrittserklaerung-Person-2021.pdf\" data-wplink-edit=\"true\">Beitrittserkl\u00e4rung-Person-2021<\/a>\u00a0[Download]<\/p><\/div>\n\t\t\t\t\t\t\t\t\t<div class=\"elementor-tab-title elementor-tab-mobile-title\" aria-selected=\"false\" data-tab=\"2\" role=\"tab\" tabindex=\"-1\" aria-controls=\"elementor-tab-content-1332\" aria-expanded=\"false\">Beitrittserkl\u00e4rung Firmen<\/div>\n\t\t\t\t\t<div id=\"elementor-tab-content-1332\" class=\"elementor-tab-content elementor-clearfix\" data-tab=\"2\" role=\"tabpanel\" aria-labelledby=\"elementor-tab-title-1332\" tabindex=\"0\" hidden=\"hidden\"><p><a href=\"https:\/\/diefachschaft-bem.de\/wp-content\/uploads\/2022\/08\/Beitrittserklaerung-Firmen.pdf\" data-wplink-edit=\"true\">Beitrittserkl\u00e4rung-Firmen<\/a>\u00a0[Download]<\/p><\/div>\n\t\t\t\t\t\t\t\t\t<div class=\"elementor-tab-title elementor-tab-mobile-title\" aria-selected=\"false\" data-tab=\"3\" role=\"tab\" tabindex=\"-1\" aria-controls=\"elementor-tab-content-1333\" aria-expanded=\"false\">Beitragsordnung<\/div>\n\t\t\t\t\t<div id=\"elementor-tab-content-1333\" class=\"elementor-tab-content elementor-clearfix\" data-tab=\"3\" role=\"tabpanel\" aria-labelledby=\"elementor-tab-title-1333\" tabindex=\"0\" hidden=\"hidden\"><p><a href=\"https:\/\/diefachschaft-bem.de\/wp-content\/uploads\/2022\/08\/Beitragsordnung.pdf\">Beitragsordnung<\/a>\u00a0<a href=\"https:\/\/diefachschaft-bem.de\/wp-content\/uploads\/2022\/08\/Beitragsordnung.pdf\">[Download]<\/a><\/p><\/div>\n\t\t\t\t\t\t\t\t\t<div class=\"elementor-tab-title elementor-tab-mobile-title\" aria-selected=\"false\" data-tab=\"4\" role=\"tab\" tabindex=\"-1\" aria-controls=\"elementor-tab-content-1334\" aria-expanded=\"false\">Satzung<\/div>\n\t\t\t\t\t<div id=\"elementor-tab-content-1334\" class=\"elementor-tab-content elementor-clearfix\" data-tab=\"4\" role=\"tabpanel\" aria-labelledby=\"elementor-tab-title-1334\" tabindex=\"0\" hidden=\"hidden\"><p><a href=\"https:\/\/diefachschaft-bem.de\/wp-content\/uploads\/2022\/08\/Satzung-2020.pdf\">Satzung-2020<\/a>\u00a0<a href=\"https:\/\/diefachschaft-bem.de\/wp-content\/uploads\/2022\/08\/Satzung-2020.pdf\">[Download]<\/a><\/p><\/div>\n\t\t\t\t\t\t\t<\/div>\n\t\t<\/div>\n\t\t\t\t\t\t<\/div>\n\t\t\t\t<\/div>\n\t\t\t\t\t<\/div>\n\t\t<\/div>\n\t\t\t\t\t<\/div>\n\t\t<\/section>\n\t\t\t\t<section class=\"elementor-section elementor-top-section elementor-element elementor-element-6bf4cd3 elementor-section-boxed elementor-section-height-default elementor-section-height-default\" data-id=\"6bf4cd3\" data-element_type=\"section\" data-e-type=\"section\">\n\t\t\t\t\t\t<div class=\"elementor-container elementor-column-gap-default\">\n\t\t\t\t\t<div class=\"elementor-column elementor-col-100 elementor-top-column elementor-element elementor-element-f55342a\" data-id=\"f55342a\" data-element_type=\"column\" data-e-type=\"column\">\n\t\t\t<div class=\"elementor-widget-wrap elementor-element-populated\">\n\t\t\t\t\t\t<div class=\"elementor-element elementor-element-9bc3d80 elementor-widget elementor-widget-spacer\" data-id=\"9bc3d80\" data-element_type=\"widget\" data-e-type=\"widget\" data-widget_type=\"spacer.default\">\n\t\t\t\t<div class=\"elementor-widget-container\">\n\t\t\t\t\t\t\t<div class=\"elementor-spacer\">\n\t\t\t<div class=\"elementor-spacer-inner\"><\/div>\n\t\t<\/div>\n\t\t\t\t\t\t<\/div>\n\t\t\t\t<\/div>\n\t\t\t\t<div class=\"elementor-element elementor-element-87f7828 elementor-widget-divider--view-line_icon elementor-view-default elementor-widget-divider--element-align-center elementor-widget elementor-widget-divider\" data-id=\"87f7828\" data-element_type=\"widget\" data-e-type=\"widget\" data-widget_type=\"divider.default\">\n\t\t\t\t<div class=\"elementor-widget-container\">\n\t\t\t\t\t\t\t<div class=\"elementor-divider\">\n\t\t\t<span class=\"elementor-divider-separator\">\n\t\t\t\t\t\t\t<div class=\"elementor-icon elementor-divider__element\">\n\t\t\t\t\t<i aria-hidden=\"true\" class=\"fas fa-people-carry\"><\/i><\/div>\n\t\t\t\t\t\t<\/span>\n\t\t<\/div>\n\t\t\t\t\t\t<\/div>\n\t\t\t\t<\/div>\n\t\t\t\t<div class=\"elementor-element elementor-element-8c05b65 elementor-widget elementor-widget-heading\" data-id=\"8c05b65\" data-element_type=\"widget\" data-e-type=\"widget\" data-widget_type=\"heading.default\">\n\t\t\t\t<div class=\"elementor-widget-container\">\n\t\t\t\t\t<h2 class=\"elementor-heading-title elementor-size-default\">Verantwortliche<\/h2>\t\t\t\t<\/div>\n\t\t\t\t<\/div>\n\t\t\t\t\t<\/div>\n\t\t<\/div>\n\t\t\t\t\t<\/div>\n\t\t<\/section>\n\t\t\t\t<section class=\"elementor-section elementor-top-section elementor-element elementor-element-6ad360c elementor-section-boxed elementor-section-height-default elementor-section-height-default\" data-id=\"6ad360c\" data-element_type=\"section\" data-e-type=\"section\">\n\t\t\t\t\t\t<div class=\"elementor-container elementor-column-gap-default\">\n\t\t\t\t\t<div class=\"elementor-column elementor-col-33 elementor-top-column elementor-element elementor-element-9b08108\" data-id=\"9b08108\" data-element_type=\"column\" data-e-type=\"column\">\n\t\t\t<div class=\"elementor-widget-wrap elementor-element-populated\">\n\t\t\t\t\t\t<div class=\"elementor-element elementor-element-672c3c3 elementor-widget elementor-widget-text-editor\" data-id=\"672c3c3\" data-element_type=\"widget\" data-e-type=\"widget\" data-widget_type=\"text-editor.default\">\n\t\t\t\t<div class=\"elementor-widget-container\">\n\t\t\t\t\t\t\t\t\t<p style=\"font-variant-ligatures: normal; font-variant-caps: normal; font-family: Lato; font-size: 15px; font-style: normal;\"><span lang=\"DE\" style=\"font-size: 15px;\"><b>Vorsitzende<\/b><br><\/span><span style=\"font-weight: 300; font-size: 15px;\">Marie-Kristin L\u00fcdemann<\/span><\/p>\n<p style=\"font-variant-ligatures: normal; font-variant-caps: normal; font-family: Lato; font-size: 15px; font-style: normal; font-weight: 300;\">\n<\/p>\t\t\t\t\t\t\t\t<\/div>\n\t\t\t\t<\/div>\n\t\t\t\t\t<\/div>\n\t\t<\/div>\n\t\t\t\t<div class=\"elementor-column elementor-col-33 elementor-top-column elementor-element elementor-element-34fd998\" data-id=\"34fd998\" data-element_type=\"column\" data-e-type=\"column\">\n\t\t\t<div class=\"elementor-widget-wrap elementor-element-populated\">\n\t\t\t\t\t\t<div class=\"elementor-element elementor-element-ee2daee elementor-widget elementor-widget-text-editor\" data-id=\"ee2daee\" data-element_type=\"widget\" data-e-type=\"widget\" data-widget_type=\"text-editor.default\">\n\t\t\t\t<div class=\"elementor-widget-container\">\n\t\t\t\t\t\t\t\t\t<p><span style=\"font-family: Lato; font-size: 15px; font-style: normal; font-variant-ligatures: normal; font-variant-caps: normal;\"><b>Stellv. Vorsitzender<\/b><br><\/span><span style=\"font-family: Lato; font-size: 15px; font-style: normal; font-variant-ligatures: normal; font-variant-caps: normal; font-weight: 300;\">Christopher&nbsp;<\/span><span style=\"font-family: Lato; font-size: 15px; font-style: normal; font-variant-ligatures: normal; font-variant-caps: normal; font-weight: 300;\">Bohlens<\/span><\/p>\t\t\t\t\t\t\t\t<\/div>\n\t\t\t\t<\/div>\n\t\t\t\t\t<\/div>\n\t\t<\/div>\n\t\t\t\t<div class=\"elementor-column elementor-col-33 elementor-top-column elementor-element elementor-element-a4ad7c1\" data-id=\"a4ad7c1\" data-element_type=\"column\" data-e-type=\"column\">\n\t\t\t<div class=\"elementor-widget-wrap elementor-element-populated\">\n\t\t\t\t\t\t<div class=\"elementor-element elementor-element-3480458 elementor-widget elementor-widget-text-editor\" data-id=\"3480458\" data-element_type=\"widget\" data-e-type=\"widget\" data-widget_type=\"text-editor.default\">\n\t\t\t\t<div class=\"elementor-widget-container\">\n\t\t\t\t\t\t\t\t\t<p><span style=\"font-family: Lato; font-size: 15px; font-style: normal; font-variant-ligatures: normal; font-variant-caps: normal;\"><b>Schatzmeister<\/b><br>Thorben Ehlers<\/span><\/p>\t\t\t\t\t\t\t\t<\/div>\n\t\t\t\t<\/div>\n\t\t\t\t\t<\/div>\n\t\t<\/div>\n\t\t\t\t\t<\/div>\n\t\t<\/section>\n\t\t\t\t<section class=\"elementor-section elementor-top-section elementor-element elementor-element-b38ae47 elementor-section-boxed elementor-section-height-default elementor-section-height-default\" data-id=\"b38ae47\" data-element_type=\"section\" data-e-type=\"section\">\n\t\t\t\t\t\t<div class=\"elementor-container elementor-column-gap-default\">\n\t\t\t\t\t<div class=\"elementor-column elementor-col-100 elementor-top-column elementor-element elementor-element-4b91679\" data-id=\"4b91679\" data-element_type=\"column\" data-e-type=\"column\">\n\t\t\t<div class=\"elementor-widget-wrap elementor-element-populated\">\n\t\t\t\t\t\t\t<\/div>\n\t\t<\/div>\n\t\t\t\t\t<\/div>\n\t\t<\/section>\n\t\t\t\t<section class=\"elementor-section elementor-top-section elementor-element elementor-element-00de386 elementor-section-boxed elementor-section-height-default elementor-section-height-default\" data-id=\"00de386\" data-element_type=\"section\" data-e-type=\"section\">\n\t\t\t\t\t\t<div class=\"elementor-container elementor-column-gap-default\">\n\t\t\t\t\t<div class=\"elementor-column elementor-col-100 elementor-top-column elementor-element elementor-element-0004a13\" data-id=\"0004a13\" data-element_type=\"column\" data-e-type=\"column\">\n\t\t\t<div class=\"elementor-widget-wrap elementor-element-populated\">\n\t\t\t\t\t\t<div class=\"elementor-element elementor-element-e6f2d2f elementor-widget elementor-widget-text-editor\" data-id=\"e6f2d2f\" data-element_type=\"widget\" data-e-type=\"widget\" data-widget_type=\"text-editor.default\">\n\t\t\t\t<div class=\"elementor-widget-container\">\n\t\t\t\t\t\t\t\t\t<p><span lang=\"DE\" style=\"font-variant-ligatures: normal; font-variant-caps: normal; font-family: Lato; font-size: 15px; font-style: normal;\"><b>F\u00f6rderverein der Fachschaft der Leuphana<\/b><br>Universit\u00e4t L\u00fcneburg e.V.<br><\/span><span style=\"font-variant-ligatures: normal; font-variant-caps: normal; font-family: Lato; font-size: 15px; font-style: normal; font-weight: 300;\">Leuphana Universit\u00e4t L\u00fcneburg<br><\/span><span style=\"font-variant-ligatures: normal; font-variant-caps: normal; font-family: Lato; font-size: 15px; font-style: normal; font-weight: 300;\">C6.010<br><\/span><span style=\"font-variant-ligatures: normal; font-variant-caps: normal; font-family: Lato; font-size: 15px; font-style: normal; font-weight: 300;\">Universit\u00e4tsallee 1, 21335 L\u00fcneburg<br><\/span><a style=\"font-variant-ligatures: normal; font-variant-caps: normal; font-family: Lato; font-size: 15px; font-style: normal; font-weight: 300; background-color: #ffffff;\" href=\"mailto:fv.fachschaft.bem@googlemail.com\">fv.fachschaft.bem@googlemail.com<\/a><\/p>\t\t\t\t\t\t\t\t<\/div>\n\t\t\t\t<\/div>\n\t\t\t\t\t<\/div>\n\t\t<\/div>\n\t\t\t\t\t<\/div>\n\t\t<\/section>\n\t\t\t\t<\/div>\n\t\t","protected":false},"excerpt":{"rendered":"<p>\u00dcber uns Im Fr\u00fchjahr 2011 wurde der gemeinn\u00fctzig anerkannte F\u00f6rderverein f\u00fcr die Fachschafts- und Alumniarbeit gegr\u00fcndet. Der&nbsp;F\u00f6rderverein hat es sich zur Aufgabe gemacht die Arbeit der Fachschaft&nbsp;Business, Economics &amp; Management zu unterst\u00fctzen und f\u00f6rdern.&nbsp; Ein&nbsp;besonderes Augenmerk liegt derzeit auf der Alumniarbeit, Graduiertenfeier, sowie kulturelle und wissenschaftliche Veranstaltungen, insbesondere in&nbsp;finanzieller Hinsicht zu unterst\u00fctzen. Die Finanzierung der [&hellip;]<\/p>\n","protected":false},"author":17,"featured_media":0,"parent":0,"menu_order":0,"comment_status":"closed","ping_status":"closed","template":"","meta":{"ocean_post_layout":"","ocean_both_sidebars_style":"","ocean_both_sidebars_content_width":0,"ocean_both_sidebars_sidebars_width":0,"ocean_sidebar":"","ocean_second_sidebar":"","ocean_disable_margins":"enable","ocean_add_body_class":"","ocean_shortcode_before_top_bar":"","ocean_shortcode_after_top_bar":"","ocean_shortcode_before_header":"","ocean_shortcode_after_header":"","ocean_has_shortcode":"","ocean_shortcode_after_title":"","ocean_shortcode_before_footer_widgets":"","ocean_shortcode_after_footer_widgets":"","ocean_shortcode_before_footer_bottom":"","ocean_shortcode_after_footer_bottom":"","ocean_display_top_bar":"default","ocean_display_header":"default","ocean_header_style":"","ocean_center_header_left_menu":"","ocean_custom_header_template":"","ocean_custom_logo":0,"ocean_custom_retina_logo":0,"ocean_custom_logo_max_width":0,"ocean_custom_logo_tablet_max_width":0,"ocean_custom_logo_mobile_max_width":0,"ocean_custom_logo_max_height":0,"ocean_custom_logo_tablet_max_height":0,"ocean_custom_logo_mobile_max_height":0,"ocean_header_custom_menu":"","ocean_menu_typo_font_family":"","ocean_menu_typo_font_subset":"","ocean_menu_typo_font_size":0,"ocean_menu_typo_font_size_tablet":0,"ocean_menu_typo_font_size_mobile":0,"ocean_menu_typo_font_size_unit":"px","ocean_menu_typo_font_weight":"","ocean_menu_typo_font_weight_tablet":"","ocean_menu_typo_font_weight_mobile":"","ocean_menu_typo_transform":"","ocean_menu_typo_transform_tablet":"","ocean_menu_typo_transform_mobile":"","ocean_menu_typo_line_height":0,"ocean_menu_typo_line_height_tablet":0,"ocean_menu_typo_line_height_mobile":0,"ocean_menu_typo_line_height_unit":"","ocean_menu_typo_spacing":0,"ocean_menu_typo_spacing_tablet":0,"ocean_menu_typo_spacing_mobile":0,"ocean_menu_typo_spacing_unit":"","ocean_menu_link_color":"","ocean_menu_link_color_hover":"","ocean_menu_link_color_active":"","ocean_menu_link_background":"","ocean_menu_link_hover_background":"","ocean_menu_link_active_background":"","ocean_menu_social_links_bg":"","ocean_menu_social_hover_links_bg":"","ocean_menu_social_links_color":"","ocean_menu_social_hover_links_color":"","ocean_disable_title":"default","ocean_disable_heading":"default","ocean_post_title":"","ocean_post_subheading":"","ocean_post_title_style":"","ocean_post_title_background_color":"","ocean_post_title_background":0,"ocean_post_title_bg_image_position":"","ocean_post_title_bg_image_attachment":"","ocean_post_title_bg_image_repeat":"","ocean_post_title_bg_image_size":"","ocean_post_title_height":0,"ocean_post_title_bg_overlay":0.5,"ocean_post_title_bg_overlay_color":"","ocean_disable_breadcrumbs":"default","ocean_breadcrumbs_color":"","ocean_breadcrumbs_separator_color":"","ocean_breadcrumbs_links_color":"","ocean_breadcrumbs_links_hover_color":"","ocean_display_footer_widgets":"default","ocean_display_footer_bottom":"default","ocean_custom_footer_template":"","footnotes":""},"class_list":["post-3628","page","type-page","status-publish","hentry","entry"],"_links":{"self":[{"href":"https:\/\/diefachschaft-bem.de\/en\/wp-json\/wp\/v2\/pages\/3628","targetHints":{"allow":["GET"]}}],"collection":[{"href":"https:\/\/diefachschaft-bem.de\/en\/wp-json\/wp\/v2\/pages"}],"about":[{"href":"https:\/\/diefachschaft-bem.de\/en\/wp-json\/wp\/v2\/types\/page"}],"author":[{"embeddable":true,"href":"https:\/\/diefachschaft-bem.de\/en\/wp-json\/wp\/v2\/users\/17"}],"replies":[{"embeddable":true,"href":"https:\/\/diefachschaft-bem.de\/en\/wp-json\/wp\/v2\/comments?post=3628"}],"version-history":[{"count":0,"href":"https:\/\/diefachschaft-bem.de\/en\/wp-json\/wp\/v2\/pages\/3628\/revisions"}],"wp:attachment":[{"href":"https:\/\/diefachschaft-bem.de\/en\/wp-json\/wp\/v2\/media?parent=3628"}],"curies":[{"name":"wp","href":"https:\/\/api.w.org\/{rel}","templated":true}]}}