{"id":1088,"date":"2021-02-06T19:33:03","date_gmt":"2021-02-06T18:33:03","guid":{"rendered":"https:\/\/diefachschaft-bem.de\/?page_id=1088"},"modified":"2024-12-14T22:19:20","modified_gmt":"2024-12-14T21:19:20","slug":"faq","status":"publish","type":"page","link":"https:\/\/diefachschaft-bem.de\/en\/faq\/","title":{"rendered":"FAQ"},"content":{"rendered":"\t\t<div data-elementor-type=\"wp-page\" data-elementor-id=\"1088\" class=\"elementor elementor-1088\">\n\t\t\t\t\t\t<section class=\"elementor-section elementor-top-section elementor-element elementor-element-7db0e4d elementor-section-boxed elementor-section-height-default elementor-section-height-default\" data-id=\"7db0e4d\" data-element_type=\"section\" data-e-type=\"section\">\n\t\t\t\t\t\t<div class=\"elementor-container elementor-column-gap-default\">\n\t\t\t\t\t<div class=\"elementor-column elementor-col-100 elementor-top-column elementor-element elementor-element-c796871\" data-id=\"c796871\" data-element_type=\"column\" data-e-type=\"column\">\n\t\t\t<div class=\"elementor-widget-wrap elementor-element-populated\">\n\t\t\t\t\t\t<div class=\"elementor-element elementor-element-d566fad elementor-widget elementor-widget-accordion\" data-id=\"d566fad\" data-element_type=\"widget\" data-e-type=\"widget\" data-widget_type=\"accordion.default\">\n\t\t\t\t<div class=\"elementor-widget-container\">\n\t\t\t\t\t\t\t<div class=\"elementor-accordion\">\n\t\t\t\t\t\t\t<div class=\"elementor-accordion-item\">\n\t\t\t\t\t<div id=\"elementor-tab-title-2231\" class=\"elementor-tab-title\" data-tab=\"1\" role=\"button\" aria-controls=\"elementor-tab-content-2231\" aria-expanded=\"false\">\n\t\t\t\t\t\t\t\t\t\t\t\t\t<span class=\"elementor-accordion-icon elementor-accordion-icon-left\" aria-hidden=\"true\">\n\t\t\t\t\t\t\t\t\t\t\t\t\t\t\t<span class=\"elementor-accordion-icon-closed\"><i class=\"fas fa-plus\"><\/i><\/span>\n\t\t\t\t\t\t\t\t<span class=\"elementor-accordion-icon-opened\"><i class=\"fas fa-minus\"><\/i><\/span>\n\t\t\t\t\t\t\t\t\t\t\t\t\t\t<\/span>\n\t\t\t\t\t\t\t\t\t\t\t\t<a class=\"elementor-accordion-title\" tabindex=\"0\">Was ist die Fachschaft BEM?<\/a>\n\t\t\t\t\t<\/div>\n\t\t\t\t\t<div id=\"elementor-tab-content-2231\" class=\"elementor-tab-content elementor-clearfix\" data-tab=\"1\" role=\"region\" aria-labelledby=\"elementor-tab-title-2231\"><p>Wir sind eine Studentische Institution an der Leuphana Universit\u00e4t L\u00fcneburg. Unsere Gemeinschaft besteht aus Studierenden unterschiedlicher Studieng\u00e4nge der Fakult\u00e4t Management &amp; Technology und Staatswissenschaften! Wir vertreten studentische Interessen im Lehrstuhl, Institut, bei der Fakult\u00e4t und im Dekanat. Au\u00dferdem f\u00f6rdern wir den Austausch innerhalb der Fachschaft, sowie den Austausch mit anderen Fachschaften und Universit\u00e4ten. Neben regelm\u00e4\u00dfigen Fachschaftssitzungen organisieren wir Veranstaltungen, um Studierende besser zu vernetzen. Wir helfen bei Fragen aller Art, bez\u00fcglich deines Studiums und bieten Schulungen, Repertorien, sowie Studienberatungen an.<\/p><\/div>\n\t\t\t\t<\/div>\n\t\t\t\t\t\t\t<div class=\"elementor-accordion-item\">\n\t\t\t\t\t<div id=\"elementor-tab-title-2232\" class=\"elementor-tab-title\" data-tab=\"2\" role=\"button\" aria-controls=\"elementor-tab-content-2232\" aria-expanded=\"false\">\n\t\t\t\t\t\t\t\t\t\t\t\t\t<span class=\"elementor-accordion-icon elementor-accordion-icon-left\" aria-hidden=\"true\">\n\t\t\t\t\t\t\t\t\t\t\t\t\t\t\t<span class=\"elementor-accordion-icon-closed\"><i class=\"fas fa-plus\"><\/i><\/span>\n\t\t\t\t\t\t\t\t<span class=\"elementor-accordion-icon-opened\"><i class=\"fas fa-minus\"><\/i><\/span>\n\t\t\t\t\t\t\t\t\t\t\t\t\t\t<\/span>\n\t\t\t\t\t\t\t\t\t\t\t\t<a class=\"elementor-accordion-title\" tabindex=\"0\">Welche Studieng\u00e4nge der Leuphana geh\u00f6ren zur Fachschaft BEM?<\/a>\n\t\t\t\t\t<\/div>\n\t\t\t\t\t<div id=\"elementor-tab-content-2232\" class=\"elementor-tab-content elementor-clearfix\" data-tab=\"2\" role=\"region\" aria-labelledby=\"elementor-tab-title-2232\"><p>Hier ein \u00dcberblick \u00fcber die verschiedenen Studieng\u00e4nge:<\/p><ul><li>Major Betriebswirtschaftslehre (B.Sc.)<\/li><li>Major International Business Administration &amp; Entrepreneurship (B.Sc.)<\/li><li>Major Volkswirtschaftslehre (B.Sc.)<\/li><li>Major Wirtschaftsinformatik (B.Sc.)<\/li><li>Major Economics (B.Sc.)<\/li><li>Master Management &amp; Entrepreneurship (M.Sc.)<\/li><li>Master Management &amp; Data Science (M.Sc.)<\/li><li>Master Management &amp; Sustainable Accounting (M.Sc.)<\/li><\/ul><\/div>\n\t\t\t\t<\/div>\n\t\t\t\t\t\t\t<div class=\"elementor-accordion-item\">\n\t\t\t\t\t<div id=\"elementor-tab-title-2233\" class=\"elementor-tab-title\" data-tab=\"3\" role=\"button\" aria-controls=\"elementor-tab-content-2233\" aria-expanded=\"false\">\n\t\t\t\t\t\t\t\t\t\t\t\t\t<span class=\"elementor-accordion-icon elementor-accordion-icon-left\" aria-hidden=\"true\">\n\t\t\t\t\t\t\t\t\t\t\t\t\t\t\t<span class=\"elementor-accordion-icon-closed\"><i class=\"fas fa-plus\"><\/i><\/span>\n\t\t\t\t\t\t\t\t<span class=\"elementor-accordion-icon-opened\"><i class=\"fas fa-minus\"><\/i><\/span>\n\t\t\t\t\t\t\t\t\t\t\t\t\t\t<\/span>\n\t\t\t\t\t\t\t\t\t\t\t\t<a class=\"elementor-accordion-title\" tabindex=\"0\">Wo finde ich die richtigen Ansprechpartner*innen f\u00fcr mein Anliegen? <\/a>\n\t\t\t\t\t<\/div>\n\t\t\t\t\t<div id=\"elementor-tab-content-2233\" class=\"elementor-tab-content elementor-clearfix\" data-tab=\"3\" role=\"region\" aria-labelledby=\"elementor-tab-title-2233\"><p>Die Aufgabenbereiche unserer Referate findest du unter dem Reiter \u201eReferate\u201c oder bei der Vorstellung der einzelnen Referate auf Instagram. F\u00fcr Studiengangs-spezifische Fragen kannst du dich direkt an die zust\u00e4ndigen Fachgruppenvertreter*innen (FGV) wenden, die findest du unter dem Reiter \u201eUnsere Vertretung\u201c. Du kannst uns aber auch jederzeit eine Mail schreiben, eine Direktnachricht \u00fcber Instagram oder \u00fcber den Reiter \u201eKummerkasten\u201c dich bei uns melden.<\/p><\/div>\n\t\t\t\t<\/div>\n\t\t\t\t\t\t\t<div class=\"elementor-accordion-item\">\n\t\t\t\t\t<div id=\"elementor-tab-title-2234\" class=\"elementor-tab-title\" data-tab=\"4\" role=\"button\" aria-controls=\"elementor-tab-content-2234\" aria-expanded=\"false\">\n\t\t\t\t\t\t\t\t\t\t\t\t\t<span class=\"elementor-accordion-icon elementor-accordion-icon-left\" aria-hidden=\"true\">\n\t\t\t\t\t\t\t\t\t\t\t\t\t\t\t<span class=\"elementor-accordion-icon-closed\"><i class=\"fas fa-plus\"><\/i><\/span>\n\t\t\t\t\t\t\t\t<span class=\"elementor-accordion-icon-opened\"><i class=\"fas fa-minus\"><\/i><\/span>\n\t\t\t\t\t\t\t\t\t\t\t\t\t\t<\/span>\n\t\t\t\t\t\t\t\t\t\t\t\t<a class=\"elementor-accordion-title\" tabindex=\"0\">Kann ich mich in der Fachschaft engagieren, wenn mein Studiengang nicht zu den Studieng\u00e4ngen der  Fachschaft BEM geh\u00f6rt? <\/a>\n\t\t\t\t\t<\/div>\n\t\t\t\t\t<div id=\"elementor-tab-content-2234\" class=\"elementor-tab-content elementor-clearfix\" data-tab=\"4\" role=\"region\" aria-labelledby=\"elementor-tab-title-2234\"><p>Nat\u00fcrlich! Wir freuen uns \u00fcber jeden, der sich engagiert!<\/p><\/div>\n\t\t\t\t<\/div>\n\t\t\t\t\t\t\t<div class=\"elementor-accordion-item\">\n\t\t\t\t\t<div id=\"elementor-tab-title-2235\" class=\"elementor-tab-title\" data-tab=\"5\" role=\"button\" aria-controls=\"elementor-tab-content-2235\" aria-expanded=\"false\">\n\t\t\t\t\t\t\t\t\t\t\t\t\t<span class=\"elementor-accordion-icon elementor-accordion-icon-left\" aria-hidden=\"true\">\n\t\t\t\t\t\t\t\t\t\t\t\t\t\t\t<span class=\"elementor-accordion-icon-closed\"><i class=\"fas fa-plus\"><\/i><\/span>\n\t\t\t\t\t\t\t\t<span class=\"elementor-accordion-icon-opened\"><i class=\"fas fa-minus\"><\/i><\/span>\n\t\t\t\t\t\t\t\t\t\t\t\t\t\t<\/span>\n\t\t\t\t\t\t\t\t\t\t\t\t<a class=\"elementor-accordion-title\" tabindex=\"0\">Wie kann ich mich bei der Fachschaft BEM engagieren? <\/a>\n\t\t\t\t\t<\/div>\n\t\t\t\t\t<div id=\"elementor-tab-content-2235\" class=\"elementor-tab-content elementor-clearfix\" data-tab=\"5\" role=\"region\" aria-labelledby=\"elementor-tab-title-2235\"><p>Es gibt viele M\u00f6glichkeiten sich bei der Fachschaft BEM zu engagieren. Du kannst Teil eines Referats werden oder dich in Orga-Teams engagieren. Du hast au\u00dferdem die M\u00f6glichkeit Teil der Fachgruppenvertretung (FGV) zu werden oder dich bei verschiedenen Gremien zu engagieren. Grunds\u00e4tzlich hast du bei der Fachschaft BEM immer die M\u00f6glichkeit deine Ideen einzubringen, wir freuen uns immer auf kreativen Input. Du kannst gerne auch eigene Ideen und Projekte einbringen und umsetzten. Falls du Lust hast Teil der Fachschaft zu sein, melde dich gerne bei uns. Wir finden einen Platz f\u00fcr dich und freuen uns auf dich!<\/p><\/div>\n\t\t\t\t<\/div>\n\t\t\t\t\t\t\t<div class=\"elementor-accordion-item\">\n\t\t\t\t\t<div id=\"elementor-tab-title-2236\" class=\"elementor-tab-title\" data-tab=\"6\" role=\"button\" aria-controls=\"elementor-tab-content-2236\" aria-expanded=\"false\">\n\t\t\t\t\t\t\t\t\t\t\t\t\t<span class=\"elementor-accordion-icon elementor-accordion-icon-left\" aria-hidden=\"true\">\n\t\t\t\t\t\t\t\t\t\t\t\t\t\t\t<span class=\"elementor-accordion-icon-closed\"><i class=\"fas fa-plus\"><\/i><\/span>\n\t\t\t\t\t\t\t\t<span class=\"elementor-accordion-icon-opened\"><i class=\"fas fa-minus\"><\/i><\/span>\n\t\t\t\t\t\t\t\t\t\t\t\t\t\t<\/span>\n\t\t\t\t\t\t\t\t\t\t\t\t<a class=\"elementor-accordion-title\" tabindex=\"0\">Wie finden die Fachschaftssitzungen im WiSe24\/25 statt?<\/a>\n\t\t\t\t\t<\/div>\n\t\t\t\t\t<div id=\"elementor-tab-content-2236\" class=\"elementor-tab-content elementor-clearfix\" data-tab=\"6\" role=\"region\" aria-labelledby=\"elementor-tab-title-2236\"><p>Im Semester finden die Fachschaftssitzungen jede zweite Woche, Mittwochs um 18:00 Uhr, statt. Dieses Semester (WiSe 2024\/25) finden die Sitzungen zun\u00e4chst nur in Pr\u00e4senz, im H\u00f6rsaal 3, statt. Im Krankheitsfall kann ein Zoom-Link angefragt werden.\u00a0<\/p><p>Die Sitzungen finden hochschul\u00f6ffentlich statt. Man braucht kein Mitglied der Fachschaft sein.<\/p><\/div>\n\t\t\t\t<\/div>\n\t\t\t\t\t\t\t\t\t\t<script type=\"application\/ld+json\">{\"@context\":\"https:\\\/\\\/schema.org\",\"@type\":\"FAQPage\",\"mainEntity\":[{\"@type\":\"Question\",\"name\":\"Was ist die Fachschaft BEM?\",\"acceptedAnswer\":{\"@type\":\"Answer\",\"text\":\"<p>Wir sind eine Studentische Institution an der Leuphana Universit\\u00e4t L\\u00fcneburg. Unsere Gemeinschaft besteht aus Studierenden unterschiedlicher Studieng\\u00e4nge der Fakult\\u00e4t Management &amp; Technology und Staatswissenschaften! Wir vertreten studentische Interessen im Lehrstuhl, Institut, bei der Fakult\\u00e4t und im Dekanat. Au\\u00dferdem f\\u00f6rdern wir den Austausch innerhalb der Fachschaft, sowie den Austausch mit anderen Fachschaften und Universit\\u00e4ten. Neben regelm\\u00e4\\u00dfigen Fachschaftssitzungen organisieren wir Veranstaltungen, um Studierende besser zu vernetzen. Wir helfen bei Fragen aller Art, bez\\u00fcglich deines Studiums und bieten Schulungen, Repertorien, sowie Studienberatungen an.<\\\/p>\"}},{\"@type\":\"Question\",\"name\":\"Welche Studieng\\u00e4nge der Leuphana geh\\u00f6ren zur Fachschaft BEM?\",\"acceptedAnswer\":{\"@type\":\"Answer\",\"text\":\"<p>Hier ein \\u00dcberblick \\u00fcber die verschiedenen Studieng\\u00e4nge:<\\\/p><ul><li>Major Betriebswirtschaftslehre (B.Sc.)<\\\/li><li>Major International Business Administration &amp; Entrepreneurship (B.Sc.)<\\\/li><li>Major Volkswirtschaftslehre (B.Sc.)<\\\/li><li>Major Wirtschaftsinformatik (B.Sc.)<\\\/li><li>Major Economics (B.Sc.)<\\\/li><li>Master Management &amp; Entrepreneurship (M.Sc.)<\\\/li><li>Master Management &amp; Data Science (M.Sc.)<\\\/li><li>Master Management &amp; Sustainable Accounting (M.Sc.)<\\\/li><\\\/ul>\"}},{\"@type\":\"Question\",\"name\":\"Wo finde ich die richtigen Ansprechpartner*innen f\\u00fcr mein Anliegen?\",\"acceptedAnswer\":{\"@type\":\"Answer\",\"text\":\"<p>Die Aufgabenbereiche unserer Referate findest du unter dem Reiter \\u201eReferate\\u201c oder bei der Vorstellung der einzelnen Referate auf Instagram. F\\u00fcr Studiengangs-spezifische Fragen kannst du dich direkt an die zust\\u00e4ndigen Fachgruppenvertreter*innen (FGV) wenden, die findest du unter dem Reiter \\u201eUnsere Vertretung\\u201c. Du kannst uns aber auch jederzeit eine Mail schreiben, eine Direktnachricht \\u00fcber Instagram oder \\u00fcber den Reiter \\u201eKummerkasten\\u201c dich bei uns melden.<\\\/p>\"}},{\"@type\":\"Question\",\"name\":\"Kann ich mich in der Fachschaft engagieren, wenn mein Studiengang nicht zu den Studieng\\u00e4ngen der  Fachschaft BEM geh\\u00f6rt?\",\"acceptedAnswer\":{\"@type\":\"Answer\",\"text\":\"<p>Nat\\u00fcrlich! Wir freuen uns \\u00fcber jeden, der sich engagiert!<\\\/p>\"}},{\"@type\":\"Question\",\"name\":\"Wie kann ich mich bei der Fachschaft BEM engagieren?\",\"acceptedAnswer\":{\"@type\":\"Answer\",\"text\":\"<p>Es gibt viele M\\u00f6glichkeiten sich bei der Fachschaft BEM zu engagieren. Du kannst Teil eines Referats werden oder dich in Orga-Teams engagieren. Du hast au\\u00dferdem die M\\u00f6glichkeit Teil der Fachgruppenvertretung (FGV) zu werden oder dich bei verschiedenen Gremien zu engagieren. Grunds\\u00e4tzlich hast du bei der Fachschaft BEM immer die M\\u00f6glichkeit deine Ideen einzubringen, wir freuen uns immer auf kreativen Input. Du kannst gerne auch eigene Ideen und Projekte einbringen und umsetzten. Falls du Lust hast Teil der Fachschaft zu sein, melde dich gerne bei uns. Wir finden einen Platz f\\u00fcr dich und freuen uns auf dich!<\\\/p>\"}},{\"@type\":\"Question\",\"name\":\"Wie finden die Fachschaftssitzungen im WiSe24\\\/25 statt?\",\"acceptedAnswer\":{\"@type\":\"Answer\",\"text\":\"<p>Im Semester finden die Fachschaftssitzungen jede zweite Woche, Mittwochs um 18:00 Uhr, statt. Dieses Semester (WiSe 2024\\\/25) finden die Sitzungen zun\\u00e4chst nur in Pr\\u00e4senz, im H\\u00f6rsaal 3, statt. Im Krankheitsfall kann ein Zoom-Link angefragt werden.\\u00a0<\\\/p><p>Die Sitzungen finden hochschul\\u00f6ffentlich statt. Man braucht kein Mitglied der Fachschaft sein.<\\\/p>\"}}]}<\/script>\n\t\t\t\t\t<\/div>\n\t\t\t\t\t\t<\/div>\n\t\t\t\t<\/div>\n\t\t\t\t\t<\/div>\n\t\t<\/div>\n\t\t\t\t\t<\/div>\n\t\t<\/section>\n\t\t\t\t<section class=\"elementor-section elementor-top-section elementor-element elementor-element-8333f78 elementor-section-boxed elementor-section-height-default elementor-section-height-default\" data-id=\"8333f78\" data-element_type=\"section\" data-e-type=\"section\">\n\t\t\t\t\t\t<div class=\"elementor-container elementor-column-gap-default\">\n\t\t\t\t\t<div class=\"elementor-column elementor-col-100 elementor-top-column elementor-element elementor-element-4fe4753\" data-id=\"4fe4753\" data-element_type=\"column\" data-e-type=\"column\">\n\t\t\t<div class=\"elementor-widget-wrap elementor-element-populated\">\n\t\t\t\t\t\t<div class=\"elementor-element elementor-element-7a96b7d elementor-widget elementor-widget-heading\" data-id=\"7a96b7d\" data-element_type=\"widget\" data-e-type=\"widget\" data-widget_type=\"heading.default\">\n\t\t\t\t<div class=\"elementor-widget-container\">\n\t\t\t\t\t<h2 class=\"elementor-heading-title elementor-size-default\">You have a question?<\/h2>\t\t\t\t<\/div>\n\t\t\t\t<\/div>\n\t\t\t\t<div class=\"elementor-element elementor-element-21dc257b elementor-widget elementor-widget-shortcode\" data-id=\"21dc257b\" data-element_type=\"widget\" data-e-type=\"widget\" data-widget_type=\"shortcode.default\">\n\t\t\t\t<div class=\"elementor-widget-container\">\n\t\t\t\t\t\t\t<div class=\"elementor-shortcode\">[ninja_form id=16]<\/div>\n\t\t\t\t\t\t<\/div>\n\t\t\t\t<\/div>\n\t\t\t\t\t<\/div>\n\t\t<\/div>\n\t\t\t\t\t<\/div>\n\t\t<\/section>\n\t\t\t\t<\/div>\n\t\t","protected":false},"excerpt":{"rendered":"<p>Was ist die Fachschaft BEM? Wir sind eine Studentische Institution an der Leuphana Universit\u00e4t L\u00fcneburg. Unsere Gemeinschaft besteht aus Studierenden unterschiedlicher Studieng\u00e4nge der Fakult\u00e4t Management &amp; Technology und Staatswissenschaften! Wir vertreten studentische Interessen im Lehrstuhl, Institut, bei der Fakult\u00e4t und im Dekanat. Au\u00dferdem f\u00f6rdern wir den Austausch innerhalb der Fachschaft, sowie den Austausch mit anderen [&hellip;]<\/p>\n","protected":false},"author":17,"featured_media":0,"parent":0,"menu_order":0,"comment_status":"closed","ping_status":"closed","template":"","meta":{"ocean_post_layout":"","ocean_both_sidebars_style":"","ocean_both_sidebars_content_width":0,"ocean_both_sidebars_sidebars_width":0,"ocean_sidebar":"0","ocean_second_sidebar":"0","ocean_disable_margins":"enable","ocean_add_body_class":"","ocean_shortcode_before_top_bar":"","ocean_shortcode_after_top_bar":"","ocean_shortcode_before_header":"","ocean_shortcode_after_header":"","ocean_has_shortcode":"","ocean_shortcode_after_title":"","ocean_shortcode_before_footer_widgets":"","ocean_shortcode_after_footer_widgets":"","ocean_shortcode_before_footer_bottom":"","ocean_shortcode_after_footer_bottom":"","ocean_display_top_bar":"default","ocean_display_header":"default","ocean_header_style":"","ocean_center_header_left_menu":"0","ocean_custom_header_template":"0","ocean_custom_logo":0,"ocean_custom_retina_logo":0,"ocean_custom_logo_max_width":0,"ocean_custom_logo_tablet_max_width":0,"ocean_custom_logo_mobile_max_width":0,"ocean_custom_logo_max_height":0,"ocean_custom_logo_tablet_max_height":0,"ocean_custom_logo_mobile_max_height":0,"ocean_header_custom_menu":"0","ocean_menu_typo_font_family":"0","ocean_menu_typo_font_subset":"","ocean_menu_typo_font_size":0,"ocean_menu_typo_font_size_tablet":0,"ocean_menu_typo_font_size_mobile":0,"ocean_menu_typo_font_size_unit":"px","ocean_menu_typo_font_weight":"","ocean_menu_typo_font_weight_tablet":"","ocean_menu_typo_font_weight_mobile":"","ocean_menu_typo_transform":"","ocean_menu_typo_transform_tablet":"","ocean_menu_typo_transform_mobile":"","ocean_menu_typo_line_height":0,"ocean_menu_typo_line_height_tablet":0,"ocean_menu_typo_line_height_mobile":0,"ocean_menu_typo_line_height_unit":"","ocean_menu_typo_spacing":0,"ocean_menu_typo_spacing_tablet":0,"ocean_menu_typo_spacing_mobile":0,"ocean_menu_typo_spacing_unit":"","ocean_menu_link_color":"","ocean_menu_link_color_hover":"","ocean_menu_link_color_active":"","ocean_menu_link_background":"","ocean_menu_link_hover_background":"","ocean_menu_link_active_background":"","ocean_menu_social_links_bg":"","ocean_menu_social_hover_links_bg":"","ocean_menu_social_links_color":"","ocean_menu_social_hover_links_color":"","ocean_disable_title":"default","ocean_disable_heading":"default","ocean_post_title":"","ocean_post_subheading":"","ocean_post_title_style":"","ocean_post_title_background_color":"","ocean_post_title_background":0,"ocean_post_title_bg_image_position":"","ocean_post_title_bg_image_attachment":"","ocean_post_title_bg_image_repeat":"","ocean_post_title_bg_image_size":"","ocean_post_title_height":0,"ocean_post_title_bg_overlay":0.5,"ocean_post_title_bg_overlay_color":"","ocean_disable_breadcrumbs":"default","ocean_breadcrumbs_color":"","ocean_breadcrumbs_separator_color":"","ocean_breadcrumbs_links_color":"","ocean_breadcrumbs_links_hover_color":"","ocean_display_footer_widgets":"default","ocean_display_footer_bottom":"default","ocean_custom_footer_template":"0","footnotes":""},"class_list":["post-1088","page","type-page","status-publish","hentry","entry"],"_links":{"self":[{"href":"https:\/\/diefachschaft-bem.de\/en\/wp-json\/wp\/v2\/pages\/1088","targetHints":{"allow":["GET"]}}],"collection":[{"href":"https:\/\/diefachschaft-bem.de\/en\/wp-json\/wp\/v2\/pages"}],"about":[{"href":"https:\/\/diefachschaft-bem.de\/en\/wp-json\/wp\/v2\/types\/page"}],"author":[{"embeddable":true,"href":"https:\/\/diefachschaft-bem.de\/en\/wp-json\/wp\/v2\/users\/17"}],"replies":[{"embeddable":true,"href":"https:\/\/diefachschaft-bem.de\/en\/wp-json\/wp\/v2\/comments?post=1088"}],"version-history":[{"count":6,"href":"https:\/\/diefachschaft-bem.de\/en\/wp-json\/wp\/v2\/pages\/1088\/revisions"}],"predecessor-version":[{"id":4666,"href":"https:\/\/diefachschaft-bem.de\/en\/wp-json\/wp\/v2\/pages\/1088\/revisions\/4666"}],"wp:attachment":[{"href":"https:\/\/diefachschaft-bem.de\/en\/wp-json\/wp\/v2\/media?parent=1088"}],"curies":[{"name":"wp","href":"https:\/\/api.w.org\/{rel}","templated":true}]}}