{"id":10,"date":"2020-06-23T10:41:50","date_gmt":"2020-06-23T08:41:50","guid":{"rendered":"https:\/\/diefachschaft-bem.web.leuphana.de\/?page_id=10"},"modified":"2021-04-13T21:49:16","modified_gmt":"2021-04-13T19:49:16","slug":"datenschutzerklaerung","status":"publish","type":"page","link":"https:\/\/diefachschaft-bem.de\/en\/datenschutzerklaerung\/","title":{"rendered":"Datenschutzerkl\u00e4rung"},"content":{"rendered":"<div data-elementor-type=\"wp-page\" data-elementor-id=\"10\" class=\"elementor elementor-10\">\n\t\t\t\t\t\t<section class=\"elementor-section elementor-top-section elementor-element elementor-element-a52447a elementor-section-boxed elementor-section-height-default elementor-section-height-default\" data-id=\"a52447a\" data-element_type=\"section\" data-e-type=\"section\">\n\t\t\t\t\t\t<div class=\"elementor-container elementor-column-gap-default\">\n\t\t\t\t\t<div class=\"elementor-column elementor-col-100 elementor-top-column elementor-element elementor-element-4ad55394\" data-id=\"4ad55394\" data-element_type=\"column\" data-e-type=\"column\">\n\t\t\t<div class=\"elementor-widget-wrap elementor-element-populated\">\n\t\t\t\t\t\t<div class=\"elementor-element elementor-element-7fdf67ef elementor-widget elementor-widget-text-editor\" data-id=\"7fdf67ef\" data-element_type=\"widget\" data-e-type=\"widget\" data-widget_type=\"text-editor.default\">\n\t\t\t\t<div class=\"elementor-widget-container\">\n\t\t\t\t\t\t\t\t\t<h1>RESPONSIBLE AND DATA PROTECTION OFFICER<\/h1><div><h2>DATENSCHUTZHINWEISE NACH ART. 13 UND 21 DSGVO<\/h2><p>Datenschutz ist uns ein besonderes Anliegen. Wir verarbeiten Ihre personenbezogene Daten (im Folgenden \u201eDaten\u201c) gem\u00e4\u00df den gesetzlichen Vorgaben und m\u00f6chten dies in transparenter Weise gestalten. Daher m\u00f6chten wir Ihnen mit den folgenden Datenschutzhinweisen kurz erl\u00e4utern, welche Daten wir im Zusammenhang mit der Nutzung unserer Webseite verarbeiten, und zu welchen Zwecken und auf welcher Rechtsgrundlage dies erfolgt. Zudem erhalten Sie Auskunft \u00fcber Ansprechpartner sowie Ihre Rechte in Zusammenhang mit der Datenverarbeitung.<\/p><p>Der Allgemeine Student*innenausschuss (AStA) nimmt die juristische Vertretung der Studierendenschaft der Universit\u00e4t L\u00fcneburg und darin eingedeckt die der Fachschaft Business, Economics &amp; Management (Fachschaft BEM) war. Der Allgemeine Student*innenausschuss ist dar\u00fcberhinaus der datenschutzrechtlich Verantwortliche im Sinne der DSGVO. Bei datenschutzrechtlichen Belangen sind alle Anfragen an den Datenschutzbeauftragten zu richten.<\/p><\/div>\t\t\t\t\t\t\t\t<\/div>\n\t\t\t\t<\/div>\n\t\t\t\t\t<\/div>\n\t\t<\/div>\n\t\t\t\t\t<\/div>\n\t\t<\/section>\n\t\t\t\t<section class=\"elementor-section elementor-top-section elementor-element elementor-element-d2e664b elementor-section-boxed elementor-section-height-default elementor-section-height-default\" data-id=\"d2e664b\" data-element_type=\"section\" data-e-type=\"section\">\n\t\t\t\t\t\t<div class=\"elementor-container elementor-column-gap-default\">\n\t\t\t\t\t<div class=\"elementor-column elementor-col-100 elementor-top-column elementor-element elementor-element-5e1e17f\" data-id=\"5e1e17f\" data-element_type=\"column\" data-e-type=\"column\">\n\t\t\t<div class=\"elementor-widget-wrap elementor-element-populated\">\n\t\t\t\t\t\t<div class=\"elementor-element elementor-element-e51ae88 elementor-widget-divider--view-line elementor-widget elementor-widget-divider\" data-id=\"e51ae88\" data-element_type=\"widget\" data-e-type=\"widget\" data-widget_type=\"divider.default\">\n\t\t\t\t<div class=\"elementor-widget-container\">\n\t\t\t\t\t\t\t<div class=\"elementor-divider\">\n\t\t\t<span class=\"elementor-divider-separator\">\n\t\t\t\t\t\t<\/span>\n\t\t<\/div>\n\t\t\t\t\t\t<\/div>\n\t\t\t\t<\/div>\n\t\t\t\t\t<\/div>\n\t\t<\/div>\n\t\t\t\t\t<\/div>\n\t\t<\/section>\n\t\t\t\t<section class=\"elementor-section elementor-top-section elementor-element elementor-element-9cbf85a elementor-section-boxed elementor-section-height-default elementor-section-height-default\" data-id=\"9cbf85a\" data-element_type=\"section\" data-e-type=\"section\">\n\t\t\t\t\t\t<div class=\"elementor-container elementor-column-gap-default\">\n\t\t\t\t\t<div class=\"elementor-column elementor-col-100 elementor-top-column elementor-element elementor-element-1ef30dc\" data-id=\"1ef30dc\" data-element_type=\"column\" data-e-type=\"column\">\n\t\t\t<div class=\"elementor-widget-wrap elementor-element-populated\">\n\t\t\t\t\t\t<div class=\"elementor-element elementor-element-fe6c760 elementor-widget elementor-widget-text-editor\" data-id=\"fe6c760\" data-element_type=\"widget\" data-e-type=\"widget\" data-widget_type=\"text-editor.default\">\n\t\t\t\t<div class=\"elementor-widget-container\">\n\t\t\t\t\t\t\t\t\t<p style=\"font-variant-caps: normal; font-family: Lato; font-size: 15px; font-style: normal;\"><strong>Student Body Univeristy on L\u00fcneburg <br \/><\/strong>Corporation under public law<\/p><p>General Student Committee<br \/>Building C9.103<br \/>Universit\u00e4tsallee 1<br \/>21335 L\u00fcneburg<\/p><p style=\"font-variant-caps: normal; font-family: Lato; font-size: 15px; font-style: normal;\">Represented by:<br \/><a style=\"font-size: 15px;\" href=\"http:\/\/www.asta-lueneburg.de\/impressum\/\">Spokerspersons collective<\/a><\/p>\t\t\t\t\t\t\t\t<\/div>\n\t\t\t\t<\/div>\n\t\t\t\t\t<\/div>\n\t\t<\/div>\n\t\t\t\t\t<\/div>\n\t\t<\/section>\n\t\t\t\t<section class=\"elementor-section elementor-top-section elementor-element elementor-element-701cd28 elementor-section-boxed elementor-section-height-default elementor-section-height-default\" data-id=\"701cd28\" data-element_type=\"section\" data-e-type=\"section\">\n\t\t\t\t\t\t<div class=\"elementor-container elementor-column-gap-default\">\n\t\t\t\t\t<div class=\"elementor-column elementor-col-100 elementor-top-column elementor-element elementor-element-8d09986\" data-id=\"8d09986\" data-element_type=\"column\" data-e-type=\"column\">\n\t\t\t<div class=\"elementor-widget-wrap elementor-element-populated\">\n\t\t\t\t\t\t<div class=\"elementor-element elementor-element-df51415 elementor-widget-divider--view-line elementor-widget elementor-widget-divider\" data-id=\"df51415\" data-element_type=\"widget\" data-e-type=\"widget\" data-widget_type=\"divider.default\">\n\t\t\t\t<div class=\"elementor-widget-container\">\n\t\t\t\t\t\t\t<div class=\"elementor-divider\">\n\t\t\t<span class=\"elementor-divider-separator\">\n\t\t\t\t\t\t<\/span>\n\t\t<\/div>\n\t\t\t\t\t\t<\/div>\n\t\t\t\t<\/div>\n\t\t\t\t\t<\/div>\n\t\t<\/div>\n\t\t\t\t\t<\/div>\n\t\t<\/section>\n\t\t\t\t<section class=\"elementor-section elementor-top-section elementor-element elementor-element-d228986 elementor-section-boxed elementor-section-height-default elementor-section-height-default\" data-id=\"d228986\" data-element_type=\"section\" data-e-type=\"section\">\n\t\t\t\t\t\t<div class=\"elementor-container elementor-column-gap-default\">\n\t\t\t\t\t<div class=\"elementor-column elementor-col-100 elementor-top-column elementor-element elementor-element-aab2c8c\" data-id=\"aab2c8c\" data-element_type=\"column\" data-e-type=\"column\">\n\t\t\t<div class=\"elementor-widget-wrap elementor-element-populated\">\n\t\t\t\t\t\t<div class=\"elementor-element elementor-element-c80ebf8 elementor-widget elementor-widget-text-editor\" data-id=\"c80ebf8\" data-element_type=\"widget\" data-e-type=\"widget\" data-widget_type=\"text-editor.default\">\n\t\t\t\t<div class=\"elementor-widget-container\">\n\t\t\t\t\t\t\t\t\t<p style=\"caret-color: #000000; color: #000000; font-style: normal; font-variant-caps: normal; font-family: Lato; font-size: 15px;\"><strong><span style=\"font-size: 15px;\">Student Body Univeristy on L\u00fcneburg<br \/><\/span><\/strong>Corporation under public law\u00a0<strong><span style=\"font-size: 15px;\"><br \/><\/span><\/strong><\/p><p style=\"caret-color: #000000; color: #000000; font-style: normal; font-variant-caps: normal; font-family: Lato; font-size: 15px;\">Tobias Lange &#8211; Externer Datenschutzbeauftragter<br \/>Tegelsbarg 53<br \/>22399 Hamburg<\/p><p><span style=\"color: #000000;\"><span style=\"caret-color: #000000;\">Rufnummer:\u00a0040 5700 3925<\/span><\/span><\/p><p style=\"caret-color: #000000; color: #000000; font-style: normal; font-variant-caps: normal; font-family: Lato; font-size: 15px;\">E-mail:\u00a0<a style=\"font-size: 15px;\" href=\"mailto:datenschutz@asta-lueneburg.de\">datenschutz@asta-lueneburg.de<\/a><\/p>\t\t\t\t\t\t\t\t<\/div>\n\t\t\t\t<\/div>\n\t\t\t\t\t<\/div>\n\t\t<\/div>\n\t\t\t\t\t<\/div>\n\t\t<\/section>\n\t\t\t\t<section class=\"elementor-section elementor-top-section elementor-element elementor-element-148aa7c elementor-section-boxed elementor-section-height-default elementor-section-height-default\" data-id=\"148aa7c\" data-element_type=\"section\" data-e-type=\"section\">\n\t\t\t\t\t\t<div class=\"elementor-container elementor-column-gap-default\">\n\t\t\t\t\t<div class=\"elementor-column elementor-col-100 elementor-top-column elementor-element elementor-element-3919c57\" data-id=\"3919c57\" data-element_type=\"column\" data-e-type=\"column\">\n\t\t\t<div class=\"elementor-widget-wrap elementor-element-populated\">\n\t\t\t\t\t\t<div class=\"elementor-element elementor-element-e2b1aa2 elementor-widget-divider--view-line elementor-widget elementor-widget-divider\" data-id=\"e2b1aa2\" data-element_type=\"widget\" data-e-type=\"widget\" data-widget_type=\"divider.default\">\n\t\t\t\t<div class=\"elementor-widget-container\">\n\t\t\t\t\t\t\t<div class=\"elementor-divider\">\n\t\t\t<span class=\"elementor-divider-separator\">\n\t\t\t\t\t\t<\/span>\n\t\t<\/div>\n\t\t\t\t\t\t<\/div>\n\t\t\t\t<\/div>\n\t\t\t\t\t<\/div>\n\t\t<\/div>\n\t\t\t\t\t<\/div>\n\t\t<\/section>\n\t\t\t\t<section class=\"elementor-section elementor-top-section elementor-element elementor-element-6b73a32 elementor-section-boxed elementor-section-height-default elementor-section-height-default\" data-id=\"6b73a32\" data-element_type=\"section\" data-e-type=\"section\">\n\t\t\t\t\t\t<div class=\"elementor-container elementor-column-gap-default\">\n\t\t\t\t\t<div class=\"elementor-column elementor-col-100 elementor-top-column elementor-element elementor-element-6b7c2dd\" data-id=\"6b7c2dd\" data-element_type=\"column\" data-e-type=\"column\">\n\t\t\t<div class=\"elementor-widget-wrap elementor-element-populated\">\n\t\t\t\t\t\t<div class=\"elementor-element elementor-element-fc24b1f elementor-widget elementor-widget-text-editor\" data-id=\"fc24b1f\" data-element_type=\"widget\" data-e-type=\"widget\" data-widget_type=\"text-editor.default\">\n\t\t\t\t<div class=\"elementor-widget-container\">\n\t\t\t\t\t\t\t\t\t<h3 style=\"font-variant-caps: normal; font-style: normal;\">ZWECKE UND RECHTSGRUNDLAGEN DER DATENVERARBEITUNG:<\/h3><p style=\"font-variant-caps: normal; font-family: Lato; font-size: 15px; font-style: normal;\">Sobald Sie unsere Webseite besuchen, speichern wir von Ihnen sogenannte Log-Files. Darin werden Ihre IP-Adresse, das Datum und die Uhrzeit des Seitenzugriffs, die aufgerufene URL, die Referrer-URL, der von Ihnen verwendete Browser und dessen Version sowie die Version des von Ihnen genutzten Betriebssystems festgehalten. Wir verwenden diese Daten, um Missbrauch unserer Webseite zu verhindern und Ihnen einen st\u00f6rungsfreien und optimalen Besuch unserer Website erm\u00f6glichen zu k\u00f6nnen. Die Rechtsgrundlage f\u00fcr diese Verarbeitung ist \u00a7 3 S.1 Nr. 1 NDSG i.V.m. Art. 6 Abs. 1 S. 1 Buchstabe e DSGVO.<\/p><p style=\"font-variant-caps: normal; font-family: Lato; font-size: 15px; font-style: normal;\">Des Weiteren verwenden wir das Webanalyse-Tool Piwik und setzen dabei sogenannte Cookies ein, um das Nutzerverhalten auf unserer Webseite besser zu verstehen und diese so immer weiter zu verbessern. Cookies \u00a0sind Textdateien, die auf Ihrem Computer gespeichert werden und die unsererseits eine Analyse der Benutzung der Webseite erm\u00f6glichen. Zu diesem Zweck werden die durch den Cookie erzeugten Nutzungsinformationen an unseren Server \u00fcbertragen und zu Nutzungsanalysezwecken gespeichert. Die Auswertung der Cookies dient der Webseitenoptimierung. Die Rechtsgrundlage f\u00fcr diese Verarbeitung ist \u00a7 3 S. 1 Nr. 1 NDSG i.V.m. Art. 6 Abs. 1 S. 1 Buchstabe e DSGVO.<br \/>Ihre IP-Adresse wird bei diesem Vorgang nur gek\u00fcrzt \u00fcbermittelt und dadurch anonymisiert, so dass Sie als Nutzer f\u00fcr uns anonym bleiben. Die durch den Cookie erzeugten Informationen \u00fcber Ihre Benutzung dieser Webseite werden nicht an Dritte weitergegeben. Sie k\u00f6nnen den automatischen Einsatz von Cookies durch die Einstellung Ihres Browsers verhindern. Die folgenden Anleitungen sollen Ihnen erm\u00f6glichen, die entsprechenden \u00c4nderungen in Ihrem Browser vorzunehmen. Bitte beachten Sie, dass diese Anpassungen die Nutzung einiger Funktionen der Website wom\u00f6glich einschr\u00e4nken kann.<\/p><p style=\"font-variant-caps: normal; font-family: Lato; font-size: 15px; font-style: normal;\"><span style=\"font-size: 15px; font-weight: 600;\">Mozilla Firefox:\u00a0<\/span><br \/><a style=\"font-size: 15px;\" href=\"https:\/\/support.mozilla.org\/de\/kb\/cookies-erlauben-und-ablehnen\" target=\"_blank\" rel=\"noopener noreferrer\">https:\/\/support.mozilla.org\/de\/kb\/cookies-erlauben-und-ablehnen<\/a><\/p><p style=\"font-variant-caps: normal; font-family: Lato; font-size: 15px; font-style: normal;\"><span style=\"font-size: 15px; font-weight: 600;\">Google Chrome:<\/span><br \/><a style=\"font-size: 15px;\" href=\"http:\/\/support.google.com\/chrome\/bin\/answer.py?hl=de&amp;hlrm=en&amp;answer=95647\" target=\"_blank\" rel=\"noopener noreferrer\">http:\/\/support.google.com\/chrome\/bin\/answer.py?hl=de&amp;hlrm=en&amp;answer=95647<\/a><\/p><p style=\"font-variant-caps: normal; font-family: Lato; font-size: 15px; font-style: normal;\"><span style=\"font-size: 15px; font-weight: 600;\">Apple Safari:\u00a0<\/span><br \/><a style=\"font-size: 15px;\" href=\"https:\/\/support.apple.com\/de-de\/guide\/safari\/sfri35610\/mac\" target=\"_blank\" rel=\"noopener noreferrer\">https:\/\/support.apple.com\/de-de\/guide\/safari\/sfri35610\/mac<\/a><\/p><h3 style=\"font-variant-caps: normal; font-style: normal;\">ALLGEMEINE INFORMATIONEN:<\/h3><p style=\"font-variant-caps: normal; font-family: Lato; font-size: 15px; font-style: normal;\">Auch wenn Sie von Ihren unten stehenden Rechten keinen Gebrauch machen, werden Ihre Daten bei uns nur so lange gespeichert, wie es f\u00fcr die oben genannten Zwecke erforderlich ist. Die Log-Dateien nach werden grunds\u00e4tzlich maximal 7 Tage gespeichert. Die angegebenen Speicherfristen gelten nicht, sofern abweichend davon ein l\u00e4ngerer Speicher- oder Aufbewahrungszeitraum gesetzlich vorgeschrieben oder f\u00fcr die Rechtsdurchsetzung innerhalb der gesetzlichen Verj\u00e4hrungsfristen erforderlich ist. Sofern Daten lediglich noch zu den vorgenannten Zwecken aufbewahrt werden, ist der Datenzugriff auf das daf\u00fcr n\u00f6tige Ma\u00df beschr\u00e4nkt.<br \/>Wir behalten Ihre Daten grunds\u00e4tzlich f\u00fcr uns und stellen sie nur denjenigen Mitarbeitenden zur Verf\u00fcgung, die sie f\u00fcr ihre T\u00e4tigkeit im Rahmen der Aufgabenerf\u00fcllung ben\u00f6tigen. Dies gilt nicht, wenn wir gesetzlich zu einer Weitergabe verpflichtet sind.<br \/>Um eine sichere \u00dcbertragung Ihrer Daten gew\u00e4hrleisten zu k\u00f6nnen, werden alle Daten mit einem TLS-Zertifikat verschl\u00fcsselt.<\/p><p style=\"font-variant-caps: normal; font-family: Lato; font-size: 15px; font-style: normal;\">Wir m\u00f6chten Sie dar\u00fcber informieren, dass die Bereitstellung Ihrer Daten weder gesetzlich noch vertraglich vorgeschrieben ist. Sofern Sie Ihre Daten nicht bereitstellen, kann dies dazu f\u00fchren, dass Ihnen die Webseite nicht oder nur eingeschr\u00e4nkt angezeigt werden kann.<\/p><p style=\"font-variant-caps: normal; font-family: Lato; font-size: 15px; font-style: normal;\">Eine automatisierte Entscheidungsfindung einschlie\u00dflich Profiling i.S.d. Art. 22 Abs. 1 und 4 DSGVO findet nicht statt.<\/p><h3 style=\"font-variant-caps: normal; font-style: normal;\">IHR RECHT AUF WIDERSPRUCH GEM. ART. 21 DSGVO:<\/h3><p style=\"font-variant-caps: normal; font-family: Lato; font-size: 15px; font-style: normal;\">Sie haben das Recht, aus Gr\u00fcnden, die sich aus Ihrer besonderen Situation ergeben, jederzeit gegen die Verarbeitung Sie betreffender personenbezogener Daten Widerspruch einzulegen; dies gilt auch f\u00fcr ein auf Art. 6 Abs. 1 S. 1 lit. e DSGVO gest\u00fctztes Profiling i.S.d. Art. 4 Nr. 4 DSGVO.<\/p><p style=\"font-variant-caps: normal; font-family: Lato; font-size: 15px; font-style: normal;\">In diesem Fall verarbeiten wir diese Daten nicht mehr, es sei denn, wir k\u00f6nnen zwingende schutzw\u00fcrdige, Ihre Interessen, Rechte und Freiheiten \u00fcberwiegende Gr\u00fcnde f\u00fcr die Verarbeitung nachweisen, oder die Verarbeitung dient der Geltendmachung, Aus\u00fcbung oder Verteidigung von Rechtsanspr\u00fcchen.<\/p><h3 style=\"font-variant-caps: normal; font-style: normal;\">IHRE WEITEREN RECHTE:<\/h3><p style=\"font-variant-caps: normal; font-family: Lato; font-size: 15px; font-style: normal;\">Sie haben das Recht, von uns Auskunft \u00fcber die Verarbeitung Sie betreffender Daten zu verlangen. Dieses Auskunftsrecht umfasst neben einer Kopie der Daten auch die Zwecke der Datenverarbeitung, die Datenempf\u00e4nger sowie die Speicherdauer.<\/p><p style=\"font-variant-caps: normal; font-family: Lato; font-size: 15px; font-style: normal;\">Sollten unrichtige Daten verarbeitet werden, k\u00f6nnen Sie von uns unverz\u00fcglich die Berichtigung dieser Daten verlangen. Liegen die gesetzlichen Voraussetzungen nach Art. 17 bzw. 18 DSGVO vor, steht Ihnen zudem grunds\u00e4tzlich das Recht auf unverz\u00fcgliche L\u00f6schung oder auf Einschr\u00e4nkung der Verarbeitung der Daten zu. Bitte beachten Sie, dass eine eingeschr\u00e4nkte Verarbeitung der Daten unter Umst\u00e4nden nicht m\u00f6glich ist.<\/p>\t\t\t\t\t\t\t\t<\/div>\n\t\t\t\t<\/div>\n\t\t\t\t\t<\/div>\n\t\t<\/div>\n\t\t\t\t\t<\/div>\n\t\t<\/section>\n\t\t\t\t<\/div>","protected":false},"excerpt":{"rendered":"<p>VERANTWORTLICHER UND DATENSCHUTZBEAUFTRAGTER DATENSCHUTZHINWEISE NACH ART. 13 UND 21 DSGVO Datenschutz ist uns ein besonderes Anliegen. Wir verarbeiten Ihre personenbezogene Daten (im Folgenden \u201eDaten\u201c) gem\u00e4\u00df den gesetzlichen Vorgaben und m\u00f6chten dies in transparenter Weise gestalten. Daher m\u00f6chten wir Ihnen mit den folgenden Datenschutzhinweisen kurz erl\u00e4utern, welche Daten wir im Zusammenhang mit der Nutzung unserer Webseite [&hellip;]<\/p>\n","protected":false},"author":1,"featured_media":0,"parent":0,"menu_order":0,"comment_status":"closed","ping_status":"closed","template":"","meta":{"ocean_post_layout":"","ocean_both_sidebars_style":"","ocean_both_sidebars_content_width":0,"ocean_both_sidebars_sidebars_width":0,"ocean_sidebar":"0","ocean_second_sidebar":"0","ocean_disable_margins":"enable","ocean_add_body_class":"","ocean_shortcode_before_top_bar":"","ocean_shortcode_after_top_bar":"","ocean_shortcode_before_header":"","ocean_shortcode_after_header":"","ocean_has_shortcode":"","ocean_shortcode_after_title":"","ocean_shortcode_before_footer_widgets":"","ocean_shortcode_after_footer_widgets":"","ocean_shortcode_before_footer_bottom":"","ocean_shortcode_after_footer_bottom":"","ocean_display_top_bar":"default","ocean_display_header":"default","ocean_header_style":"","ocean_center_header_left_menu":"0","ocean_custom_header_template":"0","ocean_custom_logo":0,"ocean_custom_retina_logo":0,"ocean_custom_logo_max_width":0,"ocean_custom_logo_tablet_max_width":0,"ocean_custom_logo_mobile_max_width":0,"ocean_custom_logo_max_height":0,"ocean_custom_logo_tablet_max_height":0,"ocean_custom_logo_mobile_max_height":0,"ocean_header_custom_menu":"0","ocean_menu_typo_font_family":"0","ocean_menu_typo_font_subset":"","ocean_menu_typo_font_size":0,"ocean_menu_typo_font_size_tablet":0,"ocean_menu_typo_font_size_mobile":0,"ocean_menu_typo_font_size_unit":"px","ocean_menu_typo_font_weight":"","ocean_menu_typo_font_weight_tablet":"","ocean_menu_typo_font_weight_mobile":"","ocean_menu_typo_transform":"","ocean_menu_typo_transform_tablet":"","ocean_menu_typo_transform_mobile":"","ocean_menu_typo_line_height":0,"ocean_menu_typo_line_height_tablet":0,"ocean_menu_typo_line_height_mobile":0,"ocean_menu_typo_line_height_unit":"","ocean_menu_typo_spacing":0,"ocean_menu_typo_spacing_tablet":0,"ocean_menu_typo_spacing_mobile":0,"ocean_menu_typo_spacing_unit":"","ocean_menu_link_color":"","ocean_menu_link_color_hover":"","ocean_menu_link_color_active":"","ocean_menu_link_background":"","ocean_menu_link_hover_background":"","ocean_menu_link_active_background":"","ocean_menu_social_links_bg":"","ocean_menu_social_hover_links_bg":"","ocean_menu_social_links_color":"","ocean_menu_social_hover_links_color":"","ocean_disable_title":"default","ocean_disable_heading":"default","ocean_post_title":"","ocean_post_subheading":"","ocean_post_title_style":"","ocean_post_title_background_color":"","ocean_post_title_background":0,"ocean_post_title_bg_image_position":"","ocean_post_title_bg_image_attachment":"","ocean_post_title_bg_image_repeat":"","ocean_post_title_bg_image_size":"","ocean_post_title_height":0,"ocean_post_title_bg_overlay":0.5,"ocean_post_title_bg_overlay_color":"","ocean_disable_breadcrumbs":"default","ocean_breadcrumbs_color":"","ocean_breadcrumbs_separator_color":"","ocean_breadcrumbs_links_color":"","ocean_breadcrumbs_links_hover_color":"","ocean_display_footer_widgets":"default","ocean_display_footer_bottom":"default","ocean_custom_footer_template":"0","footnotes":""},"class_list":["post-10","page","type-page","status-publish","hentry","entry"],"_links":{"self":[{"href":"https:\/\/diefachschaft-bem.de\/en\/wp-json\/wp\/v2\/pages\/10","targetHints":{"allow":["GET"]}}],"collection":[{"href":"https:\/\/diefachschaft-bem.de\/en\/wp-json\/wp\/v2\/pages"}],"about":[{"href":"https:\/\/diefachschaft-bem.de\/en\/wp-json\/wp\/v2\/types\/page"}],"author":[{"embeddable":true,"href":"https:\/\/diefachschaft-bem.de\/en\/wp-json\/wp\/v2\/users\/1"}],"replies":[{"embeddable":true,"href":"https:\/\/diefachschaft-bem.de\/en\/wp-json\/wp\/v2\/comments?post=10"}],"version-history":[{"count":0,"href":"https:\/\/diefachschaft-bem.de\/en\/wp-json\/wp\/v2\/pages\/10\/revisions"}],"wp:attachment":[{"href":"https:\/\/diefachschaft-bem.de\/en\/wp-json\/wp\/v2\/media?parent=10"}],"curies":[{"name":"wp","href":"https:\/\/api.w.org\/{rel}","templated":true}]}}